{"id":2931,"date":"2024-10-29T10:25:00","date_gmt":"2024-10-29T10:25:00","guid":{"rendered":"https:\/\/acusticum.net\/glossaire\/"},"modified":"2025-01-21T15:35:43","modified_gmt":"2025-01-21T15:35:43","slug":"glossaire","status":"publish","type":"page","link":"https:\/\/acusticum.net\/fr\/glossaire\/","title":{"rendered":"Glossaire"},"content":{"rendered":"\n<div style=\"height:65px\" aria-hidden=\"true\" class=\"wp-block-spacer\"><\/div>\n\n<h2 class=\"wp-block-heading\">Glossaire de termes techniques :<\/h2>\n\n<div style=\"height:65px\" aria-hidden=\"true\" class=\"wp-block-spacer\"><\/div>\n\n<h5 class=\"wp-block-heading\">R\u00c9VERB\u00c9RATION<\/h5>\n\n<p>La r\u00e9verb\u00e9ration est le ph\u00e9nom\u00e8ne par lequel le son persiste dans un espace clos m\u00eame apr\u00e8s que la source sonore d&rsquo;origine a cess\u00e9 d&rsquo;\u00e9mettre.<br\/>Ce ph\u00e9nom\u00e8ne est d\u00fb au fait que les ondes sonores rebondissent sur des surfaces dures (murs, plafonds et sols) et sont r\u00e9fl\u00e9chies \u00e0 plusieurs reprises avant de se dissiper. La dur\u00e9e et l&rsquo;intensit\u00e9 de la r\u00e9verb\u00e9ration influent sur la clart\u00e9 du son dans une pi\u00e8ce. Dans des environnements tels que les auditoriums, les salles de concert ou les salles de classe, le contr\u00f4le de la r\u00e9verb\u00e9ration est crucial, car une r\u00e9verb\u00e9ration trop importante peut provoquer un \u00e9cho, ce qui rend l&rsquo;audition difficile et r\u00e9duit la qualit\u00e9 du son.  <\/p>\n\n<h5 class=\"wp-block-heading\">ALPHA W<\/h5>\n\n<p>Alpha w (\u03b1w) est un indice qui mesure la capacit\u00e9 d&rsquo;absorption acoustique d&rsquo;un mat\u00e9riau, conform\u00e9ment \u00e0 la norme ISO 11654. Ce coefficient permet d&rsquo;exprimer de mani\u00e8re simplifi\u00e9e la quantit\u00e9 de son absorb\u00e9e par un mat\u00e9riau sur une \u00e9chelle de 0 \u00e0 1 :<br\/> &#8211; \u03b1w de 0 indique que le mat\u00e9riau n&rsquo;absorbe pas du tout le son (r\u00e9flexion totale).<br\/><br\/>&#8211; La valeur \u03b1w est calcul\u00e9e \u00e0 partir des valeurs d&rsquo;absorption acoustique \u00e0 diff\u00e9rentes fr\u00e9quences et permet de classer les mat\u00e9riaux dans des cat\u00e9gories d&rsquo;absorption acoustique (A \u00e0 E) en fonction de leur efficacit\u00e9 \u00e0 contr\u00f4ler la r\u00e9verb\u00e9ration. <br\/><\/p>\n\n<h5 class=\"wp-block-heading\">CNRC<\/h5>\n\n<p>NRC est l&rsquo;abr\u00e9viation de Noise Reduction Coefficient (coefficient de r\u00e9duction du bruit).<br\/> Il s&rsquo;agit d&rsquo;une mesure de la quantit\u00e9 de son absorb\u00e9e par un mat\u00e9riau, exprim\u00e9e par un nombre compris entre 0 et 1 : &#8211; NRC de 0 : le mat\u00e9riau r\u00e9fl\u00e9chit tout le son (pas d&rsquo;absorption du son) ; &#8211; NRC de 1 : le mat\u00e9riau absorbe tout le son (absorption totale).<br\/><br\/>&#8211; NRC de 1 : le mat\u00e9riau absorbe tous les sons (absorption totale). Par exemple, un mat\u00e9riau avec un NRC de 0,80 absorbe 80 % du son et en r\u00e9fl\u00e9chit 20 %. Les mat\u00e9riaux ayant un CRN \u00e9lev\u00e9 (0,7 et plus) sont couramment utilis\u00e9s dans les espaces o\u00f9 la r\u00e9verb\u00e9ration et l&rsquo;\u00e9cho doivent \u00eatre r\u00e9duits, tels que les bureaux, les auditoriums et les salles de conf\u00e9rence.ASTM D5116 : base pour les tests dynamiques dans les chambres environnementales pour aider \u00e0 d\u00e9terminer les \u00e9missions de compos\u00e9s organiques volatils (COV) des mat\u00e9riaux et produits d&rsquo;int\u00e9rieur.  <br\/><\/p>\n\n<h5 class=\"wp-block-heading\">\u00c9MISSIONS DE COV  <\/h5>\n\n<p>Les \u00e9missions de COV font r\u00e9f\u00e9rence aux \u00ab\u00a0compos\u00e9s organiques volatils\u00a0\u00bb (COV), qui sont des substances chimiques \u00e9mises par certains mat\u00e9riaux et produits, tels que les peintures, les adh\u00e9sifs et d&rsquo;autres mat\u00e9riaux de construction. Les COV peuvent affecter la qualit\u00e9 de l&rsquo;air int\u00e9rieur et avoir des effets sur la sant\u00e9, c&rsquo;est pourquoi les produits de construction sont souvent r\u00e9glement\u00e9s pour limiter ces \u00e9missions. <\/p>\n\n<h5 class=\"wp-block-heading\">DIN EN ISO 11654<\/h5>\n\n<p>La norme DIN EN ISO 11654 est une norme internationale qui classe les mat\u00e9riaux acoustiques en fonction de leur capacit\u00e9 \u00e0 absorber le son.<br\/>Cette norme attribue une \u00ab\u00a0classe d&rsquo;absorption\u00a0\u00bb qui indique l&rsquo;efficacit\u00e9 du mat\u00e9riau \u00e0 r\u00e9duire la r\u00e9verb\u00e9ration, de la classe A (la plus absorbante) \u00e0 la classe E. Lorsqu&rsquo;un produit mentionne DIN EN ISO 11654 VOC Emissions, cela signifie qu&rsquo;il r\u00e9pond \u00e0 certaines normes de faibles \u00e9missions de compos\u00e9s organiques volatils et qu&rsquo;il a \u00e9t\u00e9 class\u00e9 selon cette norme pour sa capacit\u00e9 d&rsquo;absorption du son. <\/p>\n\n<p>La norme <strong>UNE-EN ISO 354:2004<\/strong> fait r\u00e9f\u00e9rence \u00e0 une norme sp\u00e9cifique de mesure acoustique. Son titre complet est : <\/p>\n\n<p><strong>\u00ab\u00a0Acoustique. Mesure de l&rsquo;absorption acoustique dans une chambre r\u00e9verb\u00e9rante\u00a0\u00bb.<\/strong><\/p>\n\n<p>Cette norme d\u00e9crit la m\u00e9thode de mesure de l&rsquo;absorption acoustique des mat\u00e9riaux et des objets dans une chambre r\u00e9verb\u00e9rante, qui est un espace con\u00e7u pour r\u00e9fl\u00e9chir le son de mani\u00e8re uniforme. Elle est utilis\u00e9e pour \u00e9valuer la capacit\u00e9 d&rsquo;absorption des mat\u00e9riaux (tels que les panneaux acoustiques ou les rev\u00eatements) qui sont utilis\u00e9s pour r\u00e9duire le bruit dans les espaces clos. <\/p>\n\n<p>Les \u00e9l\u00e9ments de la norme sont les suivants :<\/p>\n\n<ul class=\"wp-block-list\">\n<li><strong>UNE<\/strong>: indique qu&rsquo;il s&rsquo;agit d&rsquo;une norme approuv\u00e9e par l&rsquo;Association espagnole de normalisation.<\/li>\n\n\n\n<li><strong>EN<\/strong>: indique qu&rsquo;il s&rsquo;agit d&rsquo;une norme harmonis\u00e9e en Europe.<\/li>\n\n\n\n<li><strong>ISO<\/strong>: un \u00e9chantillon qui suit les normes de l&rsquo;Organisation internationale de normalisation.<\/li>\n\n\n\n<li><strong>354<\/strong>: Il s&rsquo;agit du num\u00e9ro de la norme elle-m\u00eame.<\/li>\n\n\n\n<li><strong>2004<\/strong>: Ann\u00e9e de publication ou de mise \u00e0 jour.<\/li>\n<\/ul>\n\n<p>Dans l&rsquo;ensemble, cette norme est particuli\u00e8rement utile pour les fabricants et les concepteurs de mat\u00e9riaux acoustiques afin de s&rsquo;assurer qu&rsquo;ils respectent les normes de qualit\u00e9 et d&rsquo;efficacit\u00e9 en mati\u00e8re d&rsquo;insonorisation.<\/p>\n\n<h5 class=\"wp-block-heading\">PSE<\/h5>\n\n<p>Le plastique PES est un <strong>thermoplastique technique r\u00e9sistant aux temp\u00e9ratures \u00e9lev\u00e9es et offrant une excellente tol\u00e9rance \u00e0 la temp\u00e9rature sur de longues p\u00e9riodes<\/strong>. Le polym\u00e8re PES offre une r\u00e9sistance m\u00e9canique et une rigidit\u00e9 \u00e9lev\u00e9es, ainsi qu&rsquo;une sensibilit\u00e9 au bosselage relativement faible. <\/p>\n\n<p><\/p>\n<div class=\"_df_button \" id=\"df_2080\"  _slug=\"catalogo-lamparas-acusticum\" data-title=\"catalogo-lamparas-acusticum\" wpoptions=\"true\" thumbtype=\"\" >Cat\u00e1logo l\u00e1mparas Acusticum<\/div><script class=\"df-shortcode-script\" nowprocket type=\"application\/javascript\">window.option_df_2080 = {\"outline\":[],\"autoEnableOutline\":\"false\",\"autoEnableThumbnail\":\"false\",\"overwritePDFOutline\":\"false\",\"direction\":\"1\",\"pageSize\":\"0\",\"source\":\"https:\\\/\\\/acusticum.net\\\/wp-content\\\/uploads\\\/2025\\\/01\\\/1-cataleg-general-lampares-copia.pdf\",\"wpOptions\":\"true\"}; if(window.DFLIP && window.DFLIP.parseBooks){window.DFLIP.parseBooks();}<\/script>\n<div class=\"_df_button \" id=\"df_2085\"  _slug=\"catalogo-lamparas-acusticum-2pag\" data-title=\"catalogo-lamparas-acusticum-2pag\" wpoptions=\"true\" thumbtype=\"\" >Cat\u00e1logo l\u00e1mparas Acusticum 2pag<\/div><script class=\"df-shortcode-script\" nowprocket type=\"application\/javascript\">window.option_df_2085 = {\"outline\":[],\"autoEnableOutline\":\"false\",\"autoEnableThumbnail\":\"false\",\"overwritePDFOutline\":\"false\",\"direction\":\"1\",\"pageSize\":\"0\",\"source\":\"https:\\\/\\\/acusticum.net\\\/wp-content\\\/uploads\\\/2025\\\/01\\\/1-cataleg-general-lampares-2pag-copia.pdf\",\"wpOptions\":\"true\"}; if(window.DFLIP && window.DFLIP.parseBooks){window.DFLIP.parseBooks();}<\/script>\n\n<div style=\"height:100px\" aria-hidden=\"true\" class=\"wp-block-spacer\"><\/div>\n","protected":false},"excerpt":{"rendered":"<p>Glossaire de termes techniques : R\u00c9VERB\u00c9RATION La r\u00e9verb\u00e9ration est le ph\u00e9nom\u00e8ne par lequel le son persiste dans un espace clos m\u00eame apr\u00e8s que la source sonore d&rsquo;origine a cess\u00e9 d&rsquo;\u00e9mettre.Ce ph\u00e9nom\u00e8ne est d\u00fb au fait que les ondes sonores rebondissent sur des surfaces dures (murs, plafonds et sols) et sont r\u00e9fl\u00e9chies \u00e0 plusieurs reprises avant&hellip;&nbsp;<a href=\"https:\/\/acusticum.net\/fr\/glossaire\/\" rel=\"bookmark\">Lire la suite &raquo;<span class=\"screen-reader-text\">Glossaire<\/span><\/a><\/p>\n","protected":false},"author":1,"featured_media":0,"parent":0,"menu_order":0,"comment_status":"closed","ping_status":"closed","template":"","meta":{"neve_meta_sidebar":"","neve_meta_container":"","neve_meta_enable_content_width":"","neve_meta_content_width":0,"neve_meta_title_alignment":"","neve_meta_author_avatar":"","neve_post_elements_order":"","neve_meta_disable_header":"","neve_meta_disable_footer":"","neve_meta_disable_title":"on","footnotes":""},"class_list":["post-2931","page","type-page","status-publish","hentry"],"yoast_head":"<!-- This site is optimized with the Yoast SEO plugin v27.2 - https:\/\/yoast.com\/product\/yoast-seo-wordpress\/ -->\n<title>Glossaire -<\/title>\n<meta name=\"robots\" content=\"index, follow, max-snippet:-1, max-image-preview:large, max-video-preview:-1\" \/>\n<link rel=\"canonical\" href=\"https:\/\/acusticum.net\/glosario\/\" \/>\n<meta property=\"og:locale\" content=\"fr_FR\" \/>\n<meta property=\"og:type\" content=\"article\" \/>\n<meta property=\"og:title\" content=\"Glossaire -\" \/>\n<meta property=\"og:description\" content=\"Glossaire de termes techniques : R\u00c9VERB\u00c9RATION La r\u00e9verb\u00e9ration est le ph\u00e9nom\u00e8ne par lequel le son persiste dans un espace clos m\u00eame apr\u00e8s que la source sonore d&rsquo;origine a cess\u00e9 d&rsquo;\u00e9mettre.Ce ph\u00e9nom\u00e8ne est d\u00fb au fait que les ondes sonores rebondissent sur des surfaces dures (murs, plafonds et sols) et sont r\u00e9fl\u00e9chies \u00e0 plusieurs reprises avant&hellip;&nbsp;Lire la suite &raquo;Glossaire\" \/>\n<meta property=\"og:url\" content=\"https:\/\/acusticum.net\/glosario\/\" \/>\n<meta property=\"article:modified_time\" content=\"2025-01-21T15:35:43+00:00\" \/>\n<meta name=\"twitter:card\" content=\"summary_large_image\" \/>\n<meta name=\"twitter:label1\" content=\"Dur\u00e9e de lecture estim\u00e9e\" \/>\n\t<meta name=\"twitter:data1\" content=\"4 minutes\" \/>\n<script type=\"application\/ld+json\" class=\"yoast-schema-graph\">{\"@context\":\"https:\/\/schema.org\",\"@graph\":[{\"@type\":\"WebPage\",\"@id\":\"https:\/\/acusticum.net\/glosario\/\",\"url\":\"https:\/\/acusticum.net\/glosario\/\",\"name\":\"Glossaire -\",\"isPartOf\":{\"@id\":\"https:\/\/acusticum.net\/#website\"},\"datePublished\":\"2024-10-29T10:25:00+00:00\",\"dateModified\":\"2025-01-21T15:35:43+00:00\",\"breadcrumb\":{\"@id\":\"https:\/\/acusticum.net\/glosario\/#breadcrumb\"},\"inLanguage\":\"fr-FR\",\"potentialAction\":[{\"@type\":\"ReadAction\",\"target\":[\"https:\/\/acusticum.net\/glosario\/\"]}]},{\"@type\":\"BreadcrumbList\",\"@id\":\"https:\/\/acusticum.net\/glosario\/#breadcrumb\",\"itemListElement\":[{\"@type\":\"ListItem\",\"position\":1,\"name\":\"Portada\",\"item\":\"https:\/\/acusticum.net\/\"},{\"@type\":\"ListItem\",\"position\":2,\"name\":\"Glossaire\"}]},{\"@type\":\"WebSite\",\"@id\":\"https:\/\/acusticum.net\/#website\",\"url\":\"https:\/\/acusticum.net\/\",\"name\":\"acusticum.com\",\"description\":\"Dise&ntilde;o que ilumina, ac&uacute;stica que transforma, sostenibilidad que inspira.\",\"publisher\":{\"@id\":\"https:\/\/acusticum.net\/#organization\"},\"potentialAction\":[{\"@type\":\"SearchAction\",\"target\":{\"@type\":\"EntryPoint\",\"urlTemplate\":\"https:\/\/acusticum.net\/?s={search_term_string}\"},\"query-input\":{\"@type\":\"PropertyValueSpecification\",\"valueRequired\":true,\"valueName\":\"search_term_string\"}}],\"inLanguage\":\"fr-FR\"},{\"@type\":\"Organization\",\"@id\":\"https:\/\/acusticum.net\/#organization\",\"name\":\"Acusticum\",\"url\":\"https:\/\/acusticum.net\/\",\"logo\":{\"@type\":\"ImageObject\",\"inLanguage\":\"fr-FR\",\"@id\":\"https:\/\/acusticum.net\/#\/schema\/logo\/image\/\",\"url\":\"https:\/\/acusticum.net\/wp-content\/uploads\/2025\/02\/cropped-A_fab-1.png\",\"contentUrl\":\"https:\/\/acusticum.net\/wp-content\/uploads\/2025\/02\/cropped-A_fab-1.png\",\"width\":512,\"height\":512,\"caption\":\"Acusticum\"},\"image\":{\"@id\":\"https:\/\/acusticum.net\/#\/schema\/logo\/image\/\"}}]}<\/script>\n<!-- \/ Yoast SEO plugin. -->","yoast_head_json":{"title":"Glossaire -","robots":{"index":"index","follow":"follow","max-snippet":"max-snippet:-1","max-image-preview":"max-image-preview:large","max-video-preview":"max-video-preview:-1"},"canonical":"https:\/\/acusticum.net\/glosario\/","og_locale":"fr_FR","og_type":"article","og_title":"Glossaire -","og_description":"Glossaire de termes techniques : R\u00c9VERB\u00c9RATION La r\u00e9verb\u00e9ration est le ph\u00e9nom\u00e8ne par lequel le son persiste dans un espace clos m\u00eame apr\u00e8s que la source sonore d&rsquo;origine a cess\u00e9 d&rsquo;\u00e9mettre.Ce ph\u00e9nom\u00e8ne est d\u00fb au fait que les ondes sonores rebondissent sur des surfaces dures (murs, plafonds et sols) et sont r\u00e9fl\u00e9chies \u00e0 plusieurs reprises avant&hellip;&nbsp;Lire la suite &raquo;Glossaire","og_url":"https:\/\/acusticum.net\/glosario\/","article_modified_time":"2025-01-21T15:35:43+00:00","twitter_card":"summary_large_image","twitter_misc":{"Dur\u00e9e de lecture estim\u00e9e":"4 minutes"},"schema":{"@context":"https:\/\/schema.org","@graph":[{"@type":"WebPage","@id":"https:\/\/acusticum.net\/glosario\/","url":"https:\/\/acusticum.net\/glosario\/","name":"Glossaire -","isPartOf":{"@id":"https:\/\/acusticum.net\/#website"},"datePublished":"2024-10-29T10:25:00+00:00","dateModified":"2025-01-21T15:35:43+00:00","breadcrumb":{"@id":"https:\/\/acusticum.net\/glosario\/#breadcrumb"},"inLanguage":"fr-FR","potentialAction":[{"@type":"ReadAction","target":["https:\/\/acusticum.net\/glosario\/"]}]},{"@type":"BreadcrumbList","@id":"https:\/\/acusticum.net\/glosario\/#breadcrumb","itemListElement":[{"@type":"ListItem","position":1,"name":"Portada","item":"https:\/\/acusticum.net\/"},{"@type":"ListItem","position":2,"name":"Glossaire"}]},{"@type":"WebSite","@id":"https:\/\/acusticum.net\/#website","url":"https:\/\/acusticum.net\/","name":"acusticum.com","description":"Dise&ntilde;o que ilumina, ac&uacute;stica que transforma, sostenibilidad que inspira.","publisher":{"@id":"https:\/\/acusticum.net\/#organization"},"potentialAction":[{"@type":"SearchAction","target":{"@type":"EntryPoint","urlTemplate":"https:\/\/acusticum.net\/?s={search_term_string}"},"query-input":{"@type":"PropertyValueSpecification","valueRequired":true,"valueName":"search_term_string"}}],"inLanguage":"fr-FR"},{"@type":"Organization","@id":"https:\/\/acusticum.net\/#organization","name":"Acusticum","url":"https:\/\/acusticum.net\/","logo":{"@type":"ImageObject","inLanguage":"fr-FR","@id":"https:\/\/acusticum.net\/#\/schema\/logo\/image\/","url":"https:\/\/acusticum.net\/wp-content\/uploads\/2025\/02\/cropped-A_fab-1.png","contentUrl":"https:\/\/acusticum.net\/wp-content\/uploads\/2025\/02\/cropped-A_fab-1.png","width":512,"height":512,"caption":"Acusticum"},"image":{"@id":"https:\/\/acusticum.net\/#\/schema\/logo\/image\/"}}]}},"_links":{"self":[{"href":"https:\/\/acusticum.net\/fr\/wp-json\/wp\/v2\/pages\/2931","targetHints":{"allow":["GET"]}}],"collection":[{"href":"https:\/\/acusticum.net\/fr\/wp-json\/wp\/v2\/pages"}],"about":[{"href":"https:\/\/acusticum.net\/fr\/wp-json\/wp\/v2\/types\/page"}],"author":[{"embeddable":true,"href":"https:\/\/acusticum.net\/fr\/wp-json\/wp\/v2\/users\/1"}],"replies":[{"embeddable":true,"href":"https:\/\/acusticum.net\/fr\/wp-json\/wp\/v2\/comments?post=2931"}],"version-history":[{"count":1,"href":"https:\/\/acusticum.net\/fr\/wp-json\/wp\/v2\/pages\/2931\/revisions"}],"predecessor-version":[{"id":2933,"href":"https:\/\/acusticum.net\/fr\/wp-json\/wp\/v2\/pages\/2931\/revisions\/2933"}],"wp:attachment":[{"href":"https:\/\/acusticum.net\/fr\/wp-json\/wp\/v2\/media?parent=2931"}],"curies":[{"name":"wp","href":"https:\/\/api.w.org\/{rel}","templated":true}]}}