{"id":2952,"date":"2024-11-07T12:44:05","date_gmt":"2024-11-07T12:44:05","guid":{"rendered":"https:\/\/acusticum.net\/dame-jeanne\/"},"modified":"2025-01-21T15:35:51","modified_gmt":"2025-01-21T15:35:51","slug":"dame-jeanne","status":"publish","type":"page","link":"https:\/\/acusticum.net\/fr\/lampes-acusticum\/dame-jeanne\/","title":{"rendered":"Dame Jeanne"},"content":{"rendered":"\n<div class=\"wp-block-cover alignfull has-custom-content-position is-position-bottom-center has-nv-site-bg-color has-text-color has-link-color wp-elements-9e0ef091f23ec8d7dc78a7a6911aa004\" style=\"border-style:none;border-width:0px;padding-top:0;padding-bottom:0;min-height:345px;aspect-ratio:unset;\"><span aria-hidden=\"true\" class=\"wp-block-cover__background has-nv-light-bg-background-color has-background-dim\"><\/span><img loading=\"lazy\" decoding=\"async\" width=\"2560\" height=\"1721\" class=\"wp-block-cover__image-background wp-image-1555\" alt=\"L\u00e1mpara Dame jeanne. Acusticum\" src=\"https:\/\/acusticum.net\/wp-content\/uploads\/2024\/12\/Dame-Jeanne2-scaled.jpg\" style=\"object-position:51% 34%\" data-object-fit=\"cover\" data-object-position=\"51% 34%\" srcset=\"https:\/\/acusticum.net\/wp-content\/uploads\/2024\/12\/Dame-Jeanne2-scaled.jpg 2560w, https:\/\/acusticum.net\/wp-content\/uploads\/2024\/12\/Dame-Jeanne2-300x202.jpg 300w, https:\/\/acusticum.net\/wp-content\/uploads\/2024\/12\/Dame-Jeanne2-1024x688.jpg 1024w, https:\/\/acusticum.net\/wp-content\/uploads\/2024\/12\/Dame-Jeanne2-768x516.jpg 768w, https:\/\/acusticum.net\/wp-content\/uploads\/2024\/12\/Dame-Jeanne2-1536x1032.jpg 1536w, https:\/\/acusticum.net\/wp-content\/uploads\/2024\/12\/Dame-Jeanne2-2048x1377.jpg 2048w\" sizes=\"auto, (max-width: 2560px) 100vw, 2560px\" \/><div class=\"wp-block-cover__inner-container is-layout-flow wp-block-cover-is-layout-flow\">\n<h2 class=\"wp-block-heading has-text-align-center has-neve-text-color-color has-text-color has-link-color has-x-large-font-size wp-elements-d48d532cd86f2ba1ca869b6d7105feba\" style=\"padding-top:0;padding-right:0;padding-bottom:var(--wp--preset--spacing--60);padding-left:0\">DAME JEANNE<\/h2>\n\n\n\n<p class=\"has-text-align-center has-neve-text-color-color has-text-color has-link-color wp-elements-7871ff08e07b5191ea4d0d17d330ed3e\"><a href=\"https:\/\/acusticum.net\/fr\/acusticum-studio\/\" data-type=\"link\" data-id=\"https:\/\/acusticum.net\/acusticum-studio\/\" target=\"_blank\" rel=\"noreferrer noopener\">conception par Acusticum Studio<\/a><\/p>\n<\/div><\/div>\n\n<div style=\"height:70px\" aria-hidden=\"true\" class=\"wp-block-spacer\"><\/div>\n\n<div class=\"wp-block-cover alignfull is-light\" style=\"min-height:598px;aspect-ratio:unset;\"><span aria-hidden=\"true\" class=\"wp-block-cover__background has-nv-site-bg-background-color has-background-dim-90 has-background-dim\"><\/span><div class=\"wp-block-cover__inner-container is-layout-flow wp-block-cover-is-layout-flow\">\n<div class=\"wp-block-group\"><div class=\"wp-block-group__inner-container is-layout-flow wp-block-group-is-layout-flow\">\n<div style=\"height:0px\" aria-hidden=\"true\" class=\"wp-block-spacer\"><\/div>\n\n\n\n<div class=\"wp-block-columns are-vertically-aligned-center is-layout-flex wp-container-core-columns-is-layout-abbe5815 wp-block-columns-is-layout-flex\" style=\"border-style:none;border-width:0px;border-radius:0px;padding-top:0;padding-right:0;padding-bottom:0;padding-left:0\">\n<div class=\"wp-block-column is-vertically-aligned-center is-layout-flow wp-block-column-is-layout-flow\" style=\"flex-basis:50%\">\n<\/div>\n\n\n\n<div class=\"wp-block-column is-vertically-aligned-center is-layout-flow wp-block-column-is-layout-flow\" style=\"flex-basis:50%\">\n<h3 class=\"wp-block-heading has-neve-text-color-color has-text-color\">Dame Jeanne<\/h3>\n\n\n\n<p class=\"has-neve-text-color-color has-text-color\">Inspir\u00e9e de l&#8217;embl\u00e9matique \u00ab\u00a0Dame Jeanne\u00a0\u00bb, un grand r\u00e9cipient historiquement utilis\u00e9 pour stocker des liquides tels que le vin et l&rsquo;huile, cette lampe rend hommage \u00e0 des si\u00e8cles de tradition artisanale. La l\u00e9gende veut que l&rsquo;origine de la <em>Dame Jeanne<\/em> remonte au XIVe si\u00e8cle, lorsque la reine Jeanne Ier de Naples, apr\u00e8s s&rsquo;\u00eatre r\u00e9fugi\u00e9e dans un atelier de verrerie, ordonna la cr\u00e9ation d&rsquo;un grand r\u00e9cipient qui deviendrait un classique de la conservation. <\/p>\n\n\n\n<p class=\"has-neve-text-color-color has-text-color has-link-color wp-elements-39d3d2652898b5da5f930d5440217d76\">Notre lampe <strong>Dame Jeanne<\/strong> reprend cette forme traditionnelle et la r\u00e9invente dans un design moderne, minimaliste et fonctionnel. Fabriqu\u00e9e \u00e0 partir de feutre PET recycl\u00e9, elle fournit non seulement un \u00e9clairage chaleureux, mais am\u00e9liore \u00e9galement l&rsquo;acoustique des espaces. Sa texture douce au toucher et son approche durable en font une pi\u00e8ce ma\u00eetresse pour ceux qui recherchent une combinaison de design, d&rsquo;histoire et de conscience \u00e9cologique.  <\/p>\n\n\n<div class=\"_df_button \" id=\"df_1707\"  _slug=\"dame-jeanne\" data-title=\"dame-jeanne-datasheet\" wpoptions=\"true\" thumb=\"https:\/\/acusticum.net\/wp-content\/uploads\/2025\/01\/damejeanne_pdf_visor_ficha.jpg\" thumbtype=\"\" >Dame Jeanne datasheet<\/div><script class=\"df-shortcode-script\" nowprocket type=\"application\/javascript\">window.option_df_1707 = {\"outline\":[],\"backgroundColor\":\"#eeeeee\",\"height\":\"350\",\"autoEnableOutline\":\"false\",\"autoEnableThumbnail\":\"false\",\"overwritePDFOutline\":\"false\",\"direction\":\"1\",\"pageSize\":\"0\",\"source\":\"https:\\\/\\\/acusticum.net\\\/wp-content\\\/uploads\\\/2025\\\/01\\\/damejeanne_ft-1.pdf\",\"wpOptions\":\"true\"}; if(window.DFLIP && window.DFLIP.parseBooks){window.DFLIP.parseBooks();}<\/script>\n\n\n<div class=\"_df_button \" id=\"df_1813\"  _slug=\"dame-jeanne-catalogo\" data-title=\"dame-jeanne-catalogo\" wpoptions=\"true\" thumb=\"https:\/\/acusticum.net\/wp-content\/uploads\/2025\/01\/DameJeanne_pdf_visor_cataleg.jpg\" thumbtype=\"\" >Dame Jeanne cat\u00e1logo<\/div><script class=\"df-shortcode-script\" nowprocket type=\"application\/javascript\">window.option_df_1813 = {\"outline\":[],\"backgroundColor\":\"#eeeeee\",\"autoEnableOutline\":\"false\",\"autoEnableThumbnail\":\"false\",\"overwritePDFOutline\":\"false\",\"direction\":\"1\",\"pageSize\":\"0\",\"source\":\"https:\\\/\\\/acusticum.net\\\/wp-content\\\/uploads\\\/2025\\\/01\\\/damejeanne_cataleg_online-1.pdf\",\"wpOptions\":\"true\"}; if(window.DFLIP && window.DFLIP.parseBooks){window.DFLIP.parseBooks();}<\/script>\n<\/div>\n<\/div>\n<\/div><\/div>\n<\/div><\/div>\n\n\n<div style=\"height:100px\" aria-hidden=\"true\" class=\"wp-block-spacer\"><\/div>\n\n<h2 class=\"wp-block-heading has-text-align-center\">Couleurs<\/h2>\n\n<p class=\"has-text-align-center\">Dame Jeanne est disponible en x couleurs.<\/p>\n\n<figure class=\"wp-block-gallery has-nested-images columns-3 is-cropped wp-block-gallery-1 is-layout-flex wp-block-gallery-is-layout-flex\">\n<figure data-wp-context=\"{&quot;imageId&quot;:&quot;69f623c643b5d&quot;}\" data-wp-interactive=\"core\/image\" data-wp-key=\"69f623c643b5d\" class=\"wp-block-image size-medium wp-lightbox-container\"><img loading=\"lazy\" decoding=\"async\" width=\"169\" height=\"300\" data-wp-class--hide=\"state.isContentHidden\" data-wp-class--show=\"state.isContentVisible\" data-wp-init=\"callbacks.setButtonStyles\" data-wp-on--click=\"actions.showLightbox\" data-wp-on--load=\"callbacks.setButtonStyles\" data-wp-on-window--resize=\"callbacks.setButtonStyles\" data-id=\"1558\" src=\"https:\/\/acusticum.net\/wp-content\/uploads\/2024\/12\/Dame-jeanne-verde-169x300.jpg\" alt=\"\" class=\"wp-image-1558\" srcset=\"https:\/\/acusticum.net\/wp-content\/uploads\/2024\/12\/Dame-jeanne-verde-169x300.jpg 169w, https:\/\/acusticum.net\/wp-content\/uploads\/2024\/12\/Dame-jeanne-verde-576x1024.jpg 576w, https:\/\/acusticum.net\/wp-content\/uploads\/2024\/12\/Dame-jeanne-verde-768x1365.jpg 768w, https:\/\/acusticum.net\/wp-content\/uploads\/2024\/12\/Dame-jeanne-verde-864x1536.jpg 864w, https:\/\/acusticum.net\/wp-content\/uploads\/2024\/12\/Dame-jeanne-verde-1152x2048.jpg 1152w, https:\/\/acusticum.net\/wp-content\/uploads\/2024\/12\/Dame-jeanne-verde-scaled.jpg 1440w\" sizes=\"auto, (max-width: 169px) 100vw, 169px\" \/><button\n\t\t\tclass=\"lightbox-trigger\"\n\t\t\ttype=\"button\"\n\t\t\taria-haspopup=\"dialog\"\n\t\t\taria-label=\"Agrandir\"\n\t\t\tdata-wp-init=\"callbacks.initTriggerButton\"\n\t\t\tdata-wp-on--click=\"actions.showLightbox\"\n\t\t\tdata-wp-style--right=\"state.imageButtonRight\"\n\t\t\tdata-wp-style--top=\"state.imageButtonTop\"\n\t\t>\n\t\t\t<svg xmlns=\"http:\/\/www.w3.org\/2000\/svg\" width=\"12\" height=\"12\" fill=\"none\" viewBox=\"0 0 12 12\">\n\t\t\t\t<path fill=\"#fff\" d=\"M2 0a2 2 0 0 0-2 2v2h1.5V2a.5.5 0 0 1 .5-.5h2V0H2Zm2 10.5H2a.5.5 0 0 1-.5-.5V8H0v2a2 2 0 0 0 2 2h2v-1.5ZM8 12v-1.5h2a.5.5 0 0 0 .5-.5V8H12v2a2 2 0 0 1-2 2H8Zm2-12a2 2 0 0 1 2 2v2h-1.5V2a.5.5 0 0 0-.5-.5H8V0h2Z\" \/>\n\t\t\t<\/svg>\n\t\t<\/button><\/figure>\n\n\n\n<figure data-wp-context=\"{&quot;imageId&quot;:&quot;69f623c6445af&quot;}\" data-wp-interactive=\"core\/image\" data-wp-key=\"69f623c6445af\" class=\"wp-block-image size-medium wp-lightbox-container\"><img loading=\"lazy\" decoding=\"async\" width=\"169\" height=\"300\" data-wp-class--hide=\"state.isContentHidden\" data-wp-class--show=\"state.isContentVisible\" data-wp-init=\"callbacks.setButtonStyles\" data-wp-on--click=\"actions.showLightbox\" data-wp-on--load=\"callbacks.setButtonStyles\" data-wp-on-window--resize=\"callbacks.setButtonStyles\" data-id=\"1561\" src=\"https:\/\/acusticum.net\/wp-content\/uploads\/2024\/12\/Dame-jeanne-naranja-169x300.jpg\" alt=\"Lampe Dame Jeanne orange. Acusticum \" class=\"wp-image-1561\" srcset=\"https:\/\/acusticum.net\/wp-content\/uploads\/2024\/12\/Dame-jeanne-naranja-169x300.jpg 169w, https:\/\/acusticum.net\/wp-content\/uploads\/2024\/12\/Dame-jeanne-naranja-576x1024.jpg 576w, https:\/\/acusticum.net\/wp-content\/uploads\/2024\/12\/Dame-jeanne-naranja-768x1365.jpg 768w, https:\/\/acusticum.net\/wp-content\/uploads\/2024\/12\/Dame-jeanne-naranja-864x1536.jpg 864w, https:\/\/acusticum.net\/wp-content\/uploads\/2024\/12\/Dame-jeanne-naranja-1152x2048.jpg 1152w, https:\/\/acusticum.net\/wp-content\/uploads\/2024\/12\/Dame-jeanne-naranja-scaled.jpg 1440w\" sizes=\"auto, (max-width: 169px) 100vw, 169px\" \/><button\n\t\t\tclass=\"lightbox-trigger\"\n\t\t\ttype=\"button\"\n\t\t\taria-haspopup=\"dialog\"\n\t\t\taria-label=\"Agrandir\"\n\t\t\tdata-wp-init=\"callbacks.initTriggerButton\"\n\t\t\tdata-wp-on--click=\"actions.showLightbox\"\n\t\t\tdata-wp-style--right=\"state.imageButtonRight\"\n\t\t\tdata-wp-style--top=\"state.imageButtonTop\"\n\t\t>\n\t\t\t<svg xmlns=\"http:\/\/www.w3.org\/2000\/svg\" width=\"12\" height=\"12\" fill=\"none\" viewBox=\"0 0 12 12\">\n\t\t\t\t<path fill=\"#fff\" d=\"M2 0a2 2 0 0 0-2 2v2h1.5V2a.5.5 0 0 1 .5-.5h2V0H2Zm2 10.5H2a.5.5 0 0 1-.5-.5V8H0v2a2 2 0 0 0 2 2h2v-1.5ZM8 12v-1.5h2a.5.5 0 0 0 .5-.5V8H12v2a2 2 0 0 1-2 2H8Zm2-12a2 2 0 0 1 2 2v2h-1.5V2a.5.5 0 0 0-.5-.5H8V0h2Z\" \/>\n\t\t\t<\/svg>\n\t\t<\/button><\/figure>\n\n\n\n<figure data-wp-context=\"{&quot;imageId&quot;:&quot;69f623c644f92&quot;}\" data-wp-interactive=\"core\/image\" data-wp-key=\"69f623c644f92\" class=\"wp-block-image size-medium wp-lightbox-container\"><img loading=\"lazy\" decoding=\"async\" width=\"169\" height=\"300\" data-wp-class--hide=\"state.isContentHidden\" data-wp-class--show=\"state.isContentVisible\" data-wp-init=\"callbacks.setButtonStyles\" data-wp-on--click=\"actions.showLightbox\" data-wp-on--load=\"callbacks.setButtonStyles\" data-wp-on-window--resize=\"callbacks.setButtonStyles\" data-id=\"1563\" src=\"https:\/\/acusticum.net\/wp-content\/uploads\/2024\/12\/Dame-jeanne-gris-169x300.jpg\" alt=\"Lampe Dame Jeanne, grise. Acusticum \" class=\"wp-image-1563\" srcset=\"https:\/\/acusticum.net\/wp-content\/uploads\/2024\/12\/Dame-jeanne-gris-169x300.jpg 169w, https:\/\/acusticum.net\/wp-content\/uploads\/2024\/12\/Dame-jeanne-gris-576x1024.jpg 576w, https:\/\/acusticum.net\/wp-content\/uploads\/2024\/12\/Dame-jeanne-gris-768x1365.jpg 768w, https:\/\/acusticum.net\/wp-content\/uploads\/2024\/12\/Dame-jeanne-gris-864x1536.jpg 864w, https:\/\/acusticum.net\/wp-content\/uploads\/2024\/12\/Dame-jeanne-gris-1152x2048.jpg 1152w, https:\/\/acusticum.net\/wp-content\/uploads\/2024\/12\/Dame-jeanne-gris-scaled.jpg 1440w\" sizes=\"auto, (max-width: 169px) 100vw, 169px\" \/><button\n\t\t\tclass=\"lightbox-trigger\"\n\t\t\ttype=\"button\"\n\t\t\taria-haspopup=\"dialog\"\n\t\t\taria-label=\"Agrandir\"\n\t\t\tdata-wp-init=\"callbacks.initTriggerButton\"\n\t\t\tdata-wp-on--click=\"actions.showLightbox\"\n\t\t\tdata-wp-style--right=\"state.imageButtonRight\"\n\t\t\tdata-wp-style--top=\"state.imageButtonTop\"\n\t\t>\n\t\t\t<svg xmlns=\"http:\/\/www.w3.org\/2000\/svg\" width=\"12\" height=\"12\" fill=\"none\" viewBox=\"0 0 12 12\">\n\t\t\t\t<path fill=\"#fff\" d=\"M2 0a2 2 0 0 0-2 2v2h1.5V2a.5.5 0 0 1 .5-.5h2V0H2Zm2 10.5H2a.5.5 0 0 1-.5-.5V8H0v2a2 2 0 0 0 2 2h2v-1.5ZM8 12v-1.5h2a.5.5 0 0 0 .5-.5V8H12v2a2 2 0 0 1-2 2H8Zm2-12a2 2 0 0 1 2 2v2h-1.5V2a.5.5 0 0 0-.5-.5H8V0h2Z\" \/>\n\t\t\t<\/svg>\n\t\t<\/button><\/figure>\n<\/figure>\n\n<div style=\"height:100px\" aria-hidden=\"true\" class=\"wp-block-spacer\"><\/div>\n\n<p><\/p>\n","protected":false},"excerpt":{"rendered":"<p>Inspir\u00e9e par le navire historique <em>Dame Jeanne<\/em>, cette lampe allie design minimaliste et tradition. Fabriqu\u00e9e \u00e0 partir de feutre PET recycl\u00e9, elle permet non seulement d&rsquo;\u00e9clairer, mais aussi d&rsquo;am\u00e9liorer l&rsquo;acoustique des espaces, fusionnant l&rsquo;histoire, la durabilit\u00e9 et l&rsquo;\u00e9l\u00e9gance en une seule pi\u00e8ce. <\/p>\n","protected":false},"author":1,"featured_media":2501,"parent":2968,"menu_order":0,"comment_status":"closed","ping_status":"closed","template":"","meta":{"neve_meta_sidebar":"","neve_meta_container":"","neve_meta_enable_content_width":"on","neve_meta_content_width":100,"neve_meta_title_alignment":"","neve_meta_author_avatar":"","neve_post_elements_order":"","neve_meta_disable_header":"","neve_meta_disable_footer":"","neve_meta_disable_title":"on","footnotes":""},"class_list":["post-2952","page","type-page","status-publish","has-post-thumbnail","hentry"],"yoast_head":"<!-- This site is optimized with the Yoast SEO plugin v27.2 - https:\/\/yoast.com\/product\/yoast-seo-wordpress\/ -->\n<title>Dame Jeanne -<\/title>\n<meta name=\"robots\" content=\"index, follow, max-snippet:-1, max-image-preview:large, max-video-preview:-1\" \/>\n<link rel=\"canonical\" href=\"https:\/\/acusticum.net\/fr\/lampes-acusticum\/dame-jeanne\/\" \/>\n<meta property=\"og:locale\" content=\"fr_FR\" \/>\n<meta property=\"og:type\" content=\"article\" \/>\n<meta property=\"og:title\" content=\"Dame Jeanne -\" \/>\n<meta property=\"og:description\" content=\"Inspir\u00e9e par le navire historique Dame Jeanne, cette lampe allie design minimaliste et tradition. Fabriqu\u00e9e \u00e0 partir de feutre PET recycl\u00e9, elle permet non seulement d&#039;\u00e9clairer, mais aussi d&#039;am\u00e9liorer l&#039;acoustique des espaces, fusionnant l&#039;histoire, la durabilit\u00e9 et l&#039;\u00e9l\u00e9gance en une seule pi\u00e8ce.\" \/>\n<meta property=\"og:url\" content=\"https:\/\/acusticum.net\/fr\/lampes-acusticum\/dame-jeanne\/\" \/>\n<meta property=\"article:modified_time\" content=\"2025-01-21T15:35:51+00:00\" \/>\n<meta property=\"og:image\" content=\"https:\/\/acusticum.net\/wp-content\/uploads\/2025\/01\/DameJeanne-icono.jpg\" \/>\n\t<meta property=\"og:image:width\" content=\"1250\" \/>\n\t<meta property=\"og:image:height\" content=\"1250\" \/>\n\t<meta property=\"og:image:type\" content=\"image\/jpeg\" \/>\n<meta name=\"twitter:card\" content=\"summary_large_image\" \/>\n<meta name=\"twitter:label1\" content=\"Dur\u00e9e de lecture estim\u00e9e\" \/>\n\t<meta name=\"twitter:data1\" content=\"1 minute\" \/>\n<script type=\"application\/ld+json\" class=\"yoast-schema-graph\">{\"@context\":\"https:\/\/schema.org\",\"@graph\":[{\"@type\":\"WebPage\",\"@id\":\"https:\/\/acusticum.net\/fr\/lampes-acusticum\/dame-jeanne\/\",\"url\":\"https:\/\/acusticum.net\/fr\/lampes-acusticum\/dame-jeanne\/\",\"name\":\"Dame Jeanne -\",\"isPartOf\":{\"@id\":\"https:\/\/acusticum.net\/#website\"},\"primaryImageOfPage\":{\"@id\":\"https:\/\/acusticum.net\/fr\/lampes-acusticum\/dame-jeanne\/#primaryimage\"},\"image\":{\"@id\":\"https:\/\/acusticum.net\/fr\/lampes-acusticum\/dame-jeanne\/#primaryimage\"},\"thumbnailUrl\":\"https:\/\/acusticum.net\/wp-content\/uploads\/2025\/01\/DameJeanne-icono.jpg\",\"datePublished\":\"2024-11-07T12:44:05+00:00\",\"dateModified\":\"2025-01-21T15:35:51+00:00\",\"breadcrumb\":{\"@id\":\"https:\/\/acusticum.net\/fr\/lampes-acusticum\/dame-jeanne\/#breadcrumb\"},\"inLanguage\":\"fr-FR\",\"potentialAction\":[{\"@type\":\"ReadAction\",\"target\":[\"https:\/\/acusticum.net\/fr\/lampes-acusticum\/dame-jeanne\/\"]}]},{\"@type\":\"ImageObject\",\"inLanguage\":\"fr-FR\",\"@id\":\"https:\/\/acusticum.net\/fr\/lampes-acusticum\/dame-jeanne\/#primaryimage\",\"url\":\"https:\/\/acusticum.net\/wp-content\/uploads\/2025\/01\/DameJeanne-icono.jpg\",\"contentUrl\":\"https:\/\/acusticum.net\/wp-content\/uploads\/2025\/01\/DameJeanne-icono.jpg\",\"width\":1250,\"height\":1250,\"caption\":\"Dame Jeanne icono. Acusticum.\"},{\"@type\":\"BreadcrumbList\",\"@id\":\"https:\/\/acusticum.net\/fr\/lampes-acusticum\/dame-jeanne\/#breadcrumb\",\"itemListElement\":[{\"@type\":\"ListItem\",\"position\":1,\"name\":\"Portada\",\"item\":\"https:\/\/acusticum.net\/\"},{\"@type\":\"ListItem\",\"position\":2,\"name\":\"Lampes Acusticum\",\"item\":\"https:\/\/acusticum.net\/fr\/lampes-acusticum\/\"},{\"@type\":\"ListItem\",\"position\":3,\"name\":\"Dame Jeanne\"}]},{\"@type\":\"WebSite\",\"@id\":\"https:\/\/acusticum.net\/#website\",\"url\":\"https:\/\/acusticum.net\/\",\"name\":\"acusticum.com\",\"description\":\"Dise&ntilde;o que ilumina, ac&uacute;stica que transforma, sostenibilidad que inspira.\",\"publisher\":{\"@id\":\"https:\/\/acusticum.net\/#organization\"},\"potentialAction\":[{\"@type\":\"SearchAction\",\"target\":{\"@type\":\"EntryPoint\",\"urlTemplate\":\"https:\/\/acusticum.net\/?s={search_term_string}\"},\"query-input\":{\"@type\":\"PropertyValueSpecification\",\"valueRequired\":true,\"valueName\":\"search_term_string\"}}],\"inLanguage\":\"fr-FR\"},{\"@type\":\"Organization\",\"@id\":\"https:\/\/acusticum.net\/#organization\",\"name\":\"Acusticum\",\"url\":\"https:\/\/acusticum.net\/\",\"logo\":{\"@type\":\"ImageObject\",\"inLanguage\":\"fr-FR\",\"@id\":\"https:\/\/acusticum.net\/#\/schema\/logo\/image\/\",\"url\":\"https:\/\/acusticum.net\/wp-content\/uploads\/2025\/02\/cropped-A_fab-1.png\",\"contentUrl\":\"https:\/\/acusticum.net\/wp-content\/uploads\/2025\/02\/cropped-A_fab-1.png\",\"width\":512,\"height\":512,\"caption\":\"Acusticum\"},\"image\":{\"@id\":\"https:\/\/acusticum.net\/#\/schema\/logo\/image\/\"}}]}<\/script>\n<!-- \/ Yoast SEO plugin. -->","yoast_head_json":{"title":"Dame Jeanne -","robots":{"index":"index","follow":"follow","max-snippet":"max-snippet:-1","max-image-preview":"max-image-preview:large","max-video-preview":"max-video-preview:-1"},"canonical":"https:\/\/acusticum.net\/fr\/lampes-acusticum\/dame-jeanne\/","og_locale":"fr_FR","og_type":"article","og_title":"Dame Jeanne -","og_description":"Inspir\u00e9e par le navire historique Dame Jeanne, cette lampe allie design minimaliste et tradition. Fabriqu\u00e9e \u00e0 partir de feutre PET recycl\u00e9, elle permet non seulement d'\u00e9clairer, mais aussi d'am\u00e9liorer l'acoustique des espaces, fusionnant l'histoire, la durabilit\u00e9 et l'\u00e9l\u00e9gance en une seule pi\u00e8ce.","og_url":"https:\/\/acusticum.net\/fr\/lampes-acusticum\/dame-jeanne\/","article_modified_time":"2025-01-21T15:35:51+00:00","og_image":[{"width":1250,"height":1250,"url":"https:\/\/acusticum.net\/wp-content\/uploads\/2025\/01\/DameJeanne-icono.jpg","type":"image\/jpeg"}],"twitter_card":"summary_large_image","twitter_misc":{"Dur\u00e9e de lecture estim\u00e9e":"1 minute"},"schema":{"@context":"https:\/\/schema.org","@graph":[{"@type":"WebPage","@id":"https:\/\/acusticum.net\/fr\/lampes-acusticum\/dame-jeanne\/","url":"https:\/\/acusticum.net\/fr\/lampes-acusticum\/dame-jeanne\/","name":"Dame Jeanne -","isPartOf":{"@id":"https:\/\/acusticum.net\/#website"},"primaryImageOfPage":{"@id":"https:\/\/acusticum.net\/fr\/lampes-acusticum\/dame-jeanne\/#primaryimage"},"image":{"@id":"https:\/\/acusticum.net\/fr\/lampes-acusticum\/dame-jeanne\/#primaryimage"},"thumbnailUrl":"https:\/\/acusticum.net\/wp-content\/uploads\/2025\/01\/DameJeanne-icono.jpg","datePublished":"2024-11-07T12:44:05+00:00","dateModified":"2025-01-21T15:35:51+00:00","breadcrumb":{"@id":"https:\/\/acusticum.net\/fr\/lampes-acusticum\/dame-jeanne\/#breadcrumb"},"inLanguage":"fr-FR","potentialAction":[{"@type":"ReadAction","target":["https:\/\/acusticum.net\/fr\/lampes-acusticum\/dame-jeanne\/"]}]},{"@type":"ImageObject","inLanguage":"fr-FR","@id":"https:\/\/acusticum.net\/fr\/lampes-acusticum\/dame-jeanne\/#primaryimage","url":"https:\/\/acusticum.net\/wp-content\/uploads\/2025\/01\/DameJeanne-icono.jpg","contentUrl":"https:\/\/acusticum.net\/wp-content\/uploads\/2025\/01\/DameJeanne-icono.jpg","width":1250,"height":1250,"caption":"Dame Jeanne icono. Acusticum."},{"@type":"BreadcrumbList","@id":"https:\/\/acusticum.net\/fr\/lampes-acusticum\/dame-jeanne\/#breadcrumb","itemListElement":[{"@type":"ListItem","position":1,"name":"Portada","item":"https:\/\/acusticum.net\/"},{"@type":"ListItem","position":2,"name":"Lampes Acusticum","item":"https:\/\/acusticum.net\/fr\/lampes-acusticum\/"},{"@type":"ListItem","position":3,"name":"Dame Jeanne"}]},{"@type":"WebSite","@id":"https:\/\/acusticum.net\/#website","url":"https:\/\/acusticum.net\/","name":"acusticum.com","description":"Dise&ntilde;o que ilumina, ac&uacute;stica que transforma, sostenibilidad que inspira.","publisher":{"@id":"https:\/\/acusticum.net\/#organization"},"potentialAction":[{"@type":"SearchAction","target":{"@type":"EntryPoint","urlTemplate":"https:\/\/acusticum.net\/?s={search_term_string}"},"query-input":{"@type":"PropertyValueSpecification","valueRequired":true,"valueName":"search_term_string"}}],"inLanguage":"fr-FR"},{"@type":"Organization","@id":"https:\/\/acusticum.net\/#organization","name":"Acusticum","url":"https:\/\/acusticum.net\/","logo":{"@type":"ImageObject","inLanguage":"fr-FR","@id":"https:\/\/acusticum.net\/#\/schema\/logo\/image\/","url":"https:\/\/acusticum.net\/wp-content\/uploads\/2025\/02\/cropped-A_fab-1.png","contentUrl":"https:\/\/acusticum.net\/wp-content\/uploads\/2025\/02\/cropped-A_fab-1.png","width":512,"height":512,"caption":"Acusticum"},"image":{"@id":"https:\/\/acusticum.net\/#\/schema\/logo\/image\/"}}]}},"_links":{"self":[{"href":"https:\/\/acusticum.net\/fr\/wp-json\/wp\/v2\/pages\/2952","targetHints":{"allow":["GET"]}}],"collection":[{"href":"https:\/\/acusticum.net\/fr\/wp-json\/wp\/v2\/pages"}],"about":[{"href":"https:\/\/acusticum.net\/fr\/wp-json\/wp\/v2\/types\/page"}],"author":[{"embeddable":true,"href":"https:\/\/acusticum.net\/fr\/wp-json\/wp\/v2\/users\/1"}],"replies":[{"embeddable":true,"href":"https:\/\/acusticum.net\/fr\/wp-json\/wp\/v2\/comments?post=2952"}],"version-history":[{"count":1,"href":"https:\/\/acusticum.net\/fr\/wp-json\/wp\/v2\/pages\/2952\/revisions"}],"predecessor-version":[{"id":2954,"href":"https:\/\/acusticum.net\/fr\/wp-json\/wp\/v2\/pages\/2952\/revisions\/2954"}],"up":[{"embeddable":true,"href":"https:\/\/acusticum.net\/fr\/wp-json\/wp\/v2\/pages\/2968"}],"wp:featuredmedia":[{"embeddable":true,"href":"https:\/\/acusticum.net\/fr\/wp-json\/wp\/v2\/media\/2501"}],"wp:attachment":[{"href":"https:\/\/acusticum.net\/fr\/wp-json\/wp\/v2\/media?parent=2952"}],"curies":[{"name":"wp","href":"https:\/\/api.w.org\/{rel}","templated":true}]}}