{"id":3030,"date":"2025-01-02T12:49:27","date_gmt":"2025-01-02T12:49:27","guid":{"rendered":"https:\/\/acusticum.net\/politique-en-matiere-de-cookies\/"},"modified":"2025-01-21T15:36:15","modified_gmt":"2025-01-21T15:36:15","slug":"politique-en-matiere-de-cookies","status":"publish","type":"page","link":"https:\/\/acusticum.net\/fr\/politique-en-matiere-de-cookies\/","title":{"rendered":"Politique en mati\u00e8re de cookies"},"content":{"rendered":"\n<h2 class=\"wp-block-heading\">Politique en mati\u00e8re de cookies<\/h2>\n\n<h3 class=\"wp-block-heading\">1) Qu&rsquo;est-ce qu&rsquo;un cookie ?<\/h3>\n\n<p>Les cookies sont de petits fichiers texte qui sont stock\u00e9s sur votre appareil lorsque vous visitez un site web. Ils permettent au site de m\u00e9moriser des informations relatives \u00e0 votre visite, telles que votre langue pr\u00e9f\u00e9r\u00e9e et d&rsquo;autres param\u00e8tres, afin de faciliter votre navigation et d&rsquo;am\u00e9liorer l&rsquo;exp\u00e9rience de l&rsquo;utilisateur.<\/p>\n\n<h3 class=\"wp-block-heading\">2. les types de cookies que nous utilisons<\/h3>\n\n<p>Nous utilisons les types de cookies suivants sur notre site web :<\/p>\n\n<ul class=\"wp-block-list\">\n<li><strong>Cookies techniques<\/strong>: essentiels au fonctionnement du site web, tels que la connexion ou l&rsquo;acc\u00e8s \u00e0 des zones s\u00e9curis\u00e9es.<\/li>\n\n\n\n<li><strong>Cookies de personnalisation<\/strong>: ils permettent de m\u00e9moriser vos pr\u00e9f\u00e9rences, telles que la langue ou les param\u00e8tres r\u00e9gionaux.<\/li>\n\n\n\n<li><strong>Cookies analytiques<\/strong>: ils nous aident \u00e0 comprendre comment vous interagissez avec notre site web en collectant des informations de mani\u00e8re anonyme.<\/li>\n\n\n\n<li><strong>Cookies publicitaires<\/strong>: utilis\u00e9s pour vous montrer des publicit\u00e9s pertinentes bas\u00e9es sur vos int\u00e9r\u00eats.<\/li>\n<\/ul>\n\n<h3 class=\"wp-block-heading\">3. comment g\u00e9rer les cookies ?<\/h3>\n\n<p>Vous pouvez configurer ou refuser l&rsquo;utilisation des cookies via notre banni\u00e8re de configuration lorsque vous acc\u00e9dez \u00e0 notre site web. En outre, vous pouvez ajuster les pr\u00e9f\u00e9rences de votre navigateur pour accepter, bloquer ou supprimer les cookies d\u00e9j\u00e0 install\u00e9s.<\/p>\n\n<p>Voici comment proc\u00e9der dans les navigateurs les plus courants :<\/p>\n\n<ul class=\"wp-block-list\">\n<li><strong>Google Chrome<\/strong>: <a href=\"https:\/\/support.google.com\/chrome\/answer\/95647?hl=es\">Supprimer, autoriser et g\u00e9rer les cookies dans Chrome<\/a><\/li>\n\n\n\n<li><strong>Mozilla Firefox<\/strong>: <a href=\"https:\/\/support.mozilla.org\/es\/kb\/Habilitar%20y%20deshabilitar%20cookies\">Activation et d\u00e9sactivation des cookies que les sites web utilisent pour suivre vos pr\u00e9f\u00e9rences<\/a><\/li>\n\n\n\n<li><strong>Safari<\/strong>: <a href=\"https:\/\/support.apple.com\/es-es\/guide\/safari\/sfri11471\/mac\">Effacer les cookies dans Safari sur Mac<\/a><\/li>\n\n\n\n<li><strong>Microsoft Edge<\/strong>: <a href=\"https:\/\/support.microsoft.com\/es-es\/microsoft-edge\/eliminar-cookies-en-microsoft-edge-63947406-40ac-c3b8-57b9-2a946a29ae09\">Supprimer les cookies dans Microsoft Edge<\/a><\/li>\n<\/ul>\n\n<h3 class=\"wp-block-heading\">4. Cookies de tiers<\/h3>\n\n<p>Nous utilisons \u00e9galement des cookies de tiers sur notre site web pour vous offrir une exp\u00e9rience personnalis\u00e9e et des analyses. Ces tiers sont notamment<\/p>\n\n<ul class=\"wp-block-list\">\n<li><strong>Google Analytics<\/strong>: pour collecter des donn\u00e9es statistiques de mani\u00e8re anonyme et analyser l&rsquo;utilisation de notre site web.<\/li>\n\n\n\n<li><strong>R\u00e9seaux sociaux<\/strong>: Cookies qui permettent de partager du contenu sur des plateformes telles que Facebook, Instagram ou LinkedIn.<\/li>\n<\/ul>\n\n<h3 class=\"wp-block-heading\">5. Consentement<\/h3>\n\n<p>Lorsque vous utilisez notre site Internet pour la premi\u00e8re fois, nous affichons une banni\u00e8re vous permettant d&rsquo;accepter ou de param\u00e9trer les cookies que vous souhaitez autoriser. Vous pouvez modifier vos pr\u00e9f\u00e9rences \u00e0 tout moment par le biais de nos param\u00e8tres de cookies.<\/p>\n\n<h3 class=\"wp-block-heading\">6. Modifications de la politique en mati\u00e8re de cookies<\/h3>\n\n<p>Nous nous r\u00e9servons le droit de modifier la pr\u00e9sente politique en mati\u00e8re de cookies \u00e0 tout moment. Nous vous recommandons de la consulter r\u00e9guli\u00e8rement afin d&rsquo;\u00eatre inform\u00e9 d&rsquo;\u00e9ventuels changements.<\/p>\n\n<p>Date de la derni\u00e8re mise \u00e0 jour : 2 janvier 2025.<\/p>\n\n<h3 class=\"wp-block-heading\">7. Contact<\/h3>\n\n<p>Si vous avez des questions concernant notre politique en mati\u00e8re de cookies, vous pouvez nous contacter par courrier \u00e9lectronique \u00e0 l&rsquo;adresse <a>info@acusticum.net<\/a>.<\/p>\n","protected":false},"excerpt":{"rendered":"<p>Politique en mati\u00e8re de cookies 1) Qu&rsquo;est-ce qu&rsquo;un cookie ? Les cookies sont de petits fichiers texte qui sont stock\u00e9s sur votre appareil lorsque vous visitez un site web. Ils permettent au site de m\u00e9moriser des informations relatives \u00e0 votre visite, telles que votre langue pr\u00e9f\u00e9r\u00e9e et d&rsquo;autres param\u00e8tres, afin de faciliter votre navigation et&hellip;&nbsp;<a href=\"https:\/\/acusticum.net\/fr\/politique-en-matiere-de-cookies\/\" rel=\"bookmark\">Lire la suite &raquo;<span class=\"screen-reader-text\">Politique en mati\u00e8re de cookies<\/span><\/a><\/p>\n","protected":false},"author":1,"featured_media":0,"parent":0,"menu_order":0,"comment_status":"closed","ping_status":"closed","template":"","meta":{"neve_meta_sidebar":"","neve_meta_container":"","neve_meta_enable_content_width":"","neve_meta_content_width":0,"neve_meta_title_alignment":"","neve_meta_author_avatar":"","neve_post_elements_order":"","neve_meta_disable_header":"","neve_meta_disable_footer":"","neve_meta_disable_title":"on","footnotes":""},"class_list":["post-3030","page","type-page","status-publish","hentry"],"yoast_head":"<!-- This site is optimized with the Yoast SEO plugin v27.2 - https:\/\/yoast.com\/product\/yoast-seo-wordpress\/ -->\n<title>Politique en mati\u00e8re de cookies -<\/title>\n<meta name=\"robots\" content=\"index, follow, max-snippet:-1, max-image-preview:large, max-video-preview:-1\" \/>\n<link rel=\"canonical\" href=\"https:\/\/acusticum.net\/politica-de-cookies\/\" \/>\n<meta property=\"og:locale\" content=\"fr_FR\" \/>\n<meta property=\"og:type\" content=\"article\" \/>\n<meta property=\"og:title\" content=\"Politique en mati\u00e8re de cookies -\" \/>\n<meta property=\"og:description\" content=\"Politique en mati\u00e8re de cookies 1) Qu&rsquo;est-ce qu&rsquo;un cookie ? Les cookies sont de petits fichiers texte qui sont stock\u00e9s sur votre appareil lorsque vous visitez un site web. Ils permettent au site de m\u00e9moriser des informations relatives \u00e0 votre visite, telles que votre langue pr\u00e9f\u00e9r\u00e9e et d&rsquo;autres param\u00e8tres, afin de faciliter votre navigation et&hellip;&nbsp;Lire la suite &raquo;Politique en mati\u00e8re de cookies\" \/>\n<meta property=\"og:url\" content=\"https:\/\/acusticum.net\/politica-de-cookies\/\" \/>\n<meta property=\"article:modified_time\" content=\"2025-01-21T15:36:15+00:00\" \/>\n<meta name=\"twitter:card\" content=\"summary_large_image\" \/>\n<meta name=\"twitter:label1\" content=\"Dur\u00e9e de lecture estim\u00e9e\" \/>\n\t<meta name=\"twitter:data1\" content=\"2 minutes\" \/>\n<script type=\"application\/ld+json\" class=\"yoast-schema-graph\">{\"@context\":\"https:\/\/schema.org\",\"@graph\":[{\"@type\":\"WebPage\",\"@id\":\"https:\/\/acusticum.net\/politica-de-cookies\/\",\"url\":\"https:\/\/acusticum.net\/politica-de-cookies\/\",\"name\":\"Politique en mati\u00e8re de cookies -\",\"isPartOf\":{\"@id\":\"https:\/\/acusticum.net\/#website\"},\"datePublished\":\"2025-01-02T12:49:27+00:00\",\"dateModified\":\"2025-01-21T15:36:15+00:00\",\"breadcrumb\":{\"@id\":\"https:\/\/acusticum.net\/politica-de-cookies\/#breadcrumb\"},\"inLanguage\":\"fr-FR\",\"potentialAction\":[{\"@type\":\"ReadAction\",\"target\":[\"https:\/\/acusticum.net\/politica-de-cookies\/\"]}]},{\"@type\":\"BreadcrumbList\",\"@id\":\"https:\/\/acusticum.net\/politica-de-cookies\/#breadcrumb\",\"itemListElement\":[{\"@type\":\"ListItem\",\"position\":1,\"name\":\"Portada\",\"item\":\"https:\/\/acusticum.net\/\"},{\"@type\":\"ListItem\",\"position\":2,\"name\":\"Politique en mati\u00e8re de cookies\"}]},{\"@type\":\"WebSite\",\"@id\":\"https:\/\/acusticum.net\/#website\",\"url\":\"https:\/\/acusticum.net\/\",\"name\":\"acusticum.com\",\"description\":\"Dise&ntilde;o que ilumina, ac&uacute;stica que transforma, sostenibilidad que inspira.\",\"publisher\":{\"@id\":\"https:\/\/acusticum.net\/#organization\"},\"potentialAction\":[{\"@type\":\"SearchAction\",\"target\":{\"@type\":\"EntryPoint\",\"urlTemplate\":\"https:\/\/acusticum.net\/?s={search_term_string}\"},\"query-input\":{\"@type\":\"PropertyValueSpecification\",\"valueRequired\":true,\"valueName\":\"search_term_string\"}}],\"inLanguage\":\"fr-FR\"},{\"@type\":\"Organization\",\"@id\":\"https:\/\/acusticum.net\/#organization\",\"name\":\"Acusticum\",\"url\":\"https:\/\/acusticum.net\/\",\"logo\":{\"@type\":\"ImageObject\",\"inLanguage\":\"fr-FR\",\"@id\":\"https:\/\/acusticum.net\/#\/schema\/logo\/image\/\",\"url\":\"https:\/\/acusticum.net\/wp-content\/uploads\/2025\/02\/cropped-A_fab-1.png\",\"contentUrl\":\"https:\/\/acusticum.net\/wp-content\/uploads\/2025\/02\/cropped-A_fab-1.png\",\"width\":512,\"height\":512,\"caption\":\"Acusticum\"},\"image\":{\"@id\":\"https:\/\/acusticum.net\/#\/schema\/logo\/image\/\"}}]}<\/script>\n<!-- \/ Yoast SEO plugin. -->","yoast_head_json":{"title":"Politique en mati\u00e8re de cookies -","robots":{"index":"index","follow":"follow","max-snippet":"max-snippet:-1","max-image-preview":"max-image-preview:large","max-video-preview":"max-video-preview:-1"},"canonical":"https:\/\/acusticum.net\/politica-de-cookies\/","og_locale":"fr_FR","og_type":"article","og_title":"Politique en mati\u00e8re de cookies -","og_description":"Politique en mati\u00e8re de cookies 1) Qu&rsquo;est-ce qu&rsquo;un cookie ? Les cookies sont de petits fichiers texte qui sont stock\u00e9s sur votre appareil lorsque vous visitez un site web. Ils permettent au site de m\u00e9moriser des informations relatives \u00e0 votre visite, telles que votre langue pr\u00e9f\u00e9r\u00e9e et d&rsquo;autres param\u00e8tres, afin de faciliter votre navigation et&hellip;&nbsp;Lire la suite &raquo;Politique en mati\u00e8re de cookies","og_url":"https:\/\/acusticum.net\/politica-de-cookies\/","article_modified_time":"2025-01-21T15:36:15+00:00","twitter_card":"summary_large_image","twitter_misc":{"Dur\u00e9e de lecture estim\u00e9e":"2 minutes"},"schema":{"@context":"https:\/\/schema.org","@graph":[{"@type":"WebPage","@id":"https:\/\/acusticum.net\/politica-de-cookies\/","url":"https:\/\/acusticum.net\/politica-de-cookies\/","name":"Politique en mati\u00e8re de cookies -","isPartOf":{"@id":"https:\/\/acusticum.net\/#website"},"datePublished":"2025-01-02T12:49:27+00:00","dateModified":"2025-01-21T15:36:15+00:00","breadcrumb":{"@id":"https:\/\/acusticum.net\/politica-de-cookies\/#breadcrumb"},"inLanguage":"fr-FR","potentialAction":[{"@type":"ReadAction","target":["https:\/\/acusticum.net\/politica-de-cookies\/"]}]},{"@type":"BreadcrumbList","@id":"https:\/\/acusticum.net\/politica-de-cookies\/#breadcrumb","itemListElement":[{"@type":"ListItem","position":1,"name":"Portada","item":"https:\/\/acusticum.net\/"},{"@type":"ListItem","position":2,"name":"Politique en mati\u00e8re de cookies"}]},{"@type":"WebSite","@id":"https:\/\/acusticum.net\/#website","url":"https:\/\/acusticum.net\/","name":"acusticum.com","description":"Dise&ntilde;o que ilumina, ac&uacute;stica que transforma, sostenibilidad que inspira.","publisher":{"@id":"https:\/\/acusticum.net\/#organization"},"potentialAction":[{"@type":"SearchAction","target":{"@type":"EntryPoint","urlTemplate":"https:\/\/acusticum.net\/?s={search_term_string}"},"query-input":{"@type":"PropertyValueSpecification","valueRequired":true,"valueName":"search_term_string"}}],"inLanguage":"fr-FR"},{"@type":"Organization","@id":"https:\/\/acusticum.net\/#organization","name":"Acusticum","url":"https:\/\/acusticum.net\/","logo":{"@type":"ImageObject","inLanguage":"fr-FR","@id":"https:\/\/acusticum.net\/#\/schema\/logo\/image\/","url":"https:\/\/acusticum.net\/wp-content\/uploads\/2025\/02\/cropped-A_fab-1.png","contentUrl":"https:\/\/acusticum.net\/wp-content\/uploads\/2025\/02\/cropped-A_fab-1.png","width":512,"height":512,"caption":"Acusticum"},"image":{"@id":"https:\/\/acusticum.net\/#\/schema\/logo\/image\/"}}]}},"_links":{"self":[{"href":"https:\/\/acusticum.net\/fr\/wp-json\/wp\/v2\/pages\/3030","targetHints":{"allow":["GET"]}}],"collection":[{"href":"https:\/\/acusticum.net\/fr\/wp-json\/wp\/v2\/pages"}],"about":[{"href":"https:\/\/acusticum.net\/fr\/wp-json\/wp\/v2\/types\/page"}],"author":[{"embeddable":true,"href":"https:\/\/acusticum.net\/fr\/wp-json\/wp\/v2\/users\/1"}],"replies":[{"embeddable":true,"href":"https:\/\/acusticum.net\/fr\/wp-json\/wp\/v2\/comments?post=3030"}],"version-history":[{"count":1,"href":"https:\/\/acusticum.net\/fr\/wp-json\/wp\/v2\/pages\/3030\/revisions"}],"predecessor-version":[{"id":3032,"href":"https:\/\/acusticum.net\/fr\/wp-json\/wp\/v2\/pages\/3030\/revisions\/3032"}],"wp:attachment":[{"href":"https:\/\/acusticum.net\/fr\/wp-json\/wp\/v2\/media?parent=3030"}],"curies":[{"name":"wp","href":"https:\/\/api.w.org\/{rel}","templated":true}]}}