{"id":3098,"date":"2024-04-18T16:54:46","date_gmt":"2024-04-18T16:54:46","guid":{"rendered":"https:\/\/acusticum.net\/contactez-nous-a-ladresse-suivante\/"},"modified":"2025-01-21T15:37:33","modified_gmt":"2025-01-21T15:37:33","slug":"contactez-nous-a-ladresse-suivante","status":"publish","type":"page","link":"https:\/\/acusticum.net\/fr\/contactez-nous-a-ladresse-suivante\/","title":{"rendered":"Contactez-nous \u00e0 l&rsquo;adresse suivante"},"content":{"rendered":"\n<div class=\"wp-block-cover alignfull has-custom-content-position is-position-top-center wp-elements-1a1357201f84f6a31374132082c5a83d wp-duotone-unset-1\" style=\"padding-top:var(--wp--preset--spacing--80);padding-right:0;padding-bottom:0;padding-left:0;min-height:100vh;aspect-ratio:unset;\"><span aria-hidden=\"true\" class=\"wp-block-cover__background has-nv-site-bg-background-color has-background-dim\"><\/span><img loading=\"lazy\" decoding=\"async\" width=\"1792\" height=\"1024\" class=\"wp-block-cover__image-background wp-image-803\" alt=\"\" src=\"https:\/\/acusticum.net\/wp-content\/uploads\/2024\/10\/Designer-2.jpeg\" style=\"object-position:33% 61%\" data-object-fit=\"cover\" data-object-position=\"33% 61%\" srcset=\"https:\/\/acusticum.net\/wp-content\/uploads\/2024\/10\/Designer-2.jpeg 1792w, https:\/\/acusticum.net\/wp-content\/uploads\/2024\/10\/Designer-2-300x171.jpeg 300w, https:\/\/acusticum.net\/wp-content\/uploads\/2024\/10\/Designer-2-1024x585.jpeg 1024w, https:\/\/acusticum.net\/wp-content\/uploads\/2024\/10\/Designer-2-768x439.jpeg 768w, https:\/\/acusticum.net\/wp-content\/uploads\/2024\/10\/Designer-2-1536x878.jpeg 1536w\" sizes=\"auto, (max-width: 1792px) 100vw, 1792px\" \/><div class=\"wp-block-cover__inner-container is-layout-flow wp-block-cover-is-layout-flow\">\n<h2 class=\"wp-block-heading has-text-align-center has-x-large-font-size\" style=\"padding-top:var(--wp--preset--spacing--70);padding-bottom:0\">Nous vous \u00e9coutons<\/h2>\n<\/div><\/div>\n\n<div style=\"height:53px\" aria-hidden=\"true\" class=\"wp-block-spacer\"><\/div>\n\n<div class=\"wp-block-columns is-layout-flex wp-container-core-columns-is-layout-9d6595d7 wp-block-columns-is-layout-flex\">\n<div class=\"wp-block-column is-layout-flow wp-block-column-is-layout-flow\">\n<p><strong>Appelez-nous<\/strong> (+34) 650 711 382<\/p>\n<\/div>\n\n\n\n<div class=\"wp-block-column is-layout-flow wp-block-column-is-layout-flow\">\n<p><strong>Envoyez un courriel \u00e0<\/strong> eva@acusticum.net<\/p>\n<\/div>\n\n\n\n<div class=\"wp-block-column is-layout-flow wp-block-column-is-layout-flow\">\n<p><strong>Bureaux et atelier<\/strong> Matar\u00f3<\/p>\n<\/div>\n<\/div>\n","protected":false},"excerpt":{"rendered":"<p>Appelez-nous (+34) 650 711 382 Envoyez un courriel \u00e0 eva@acusticum.net Bureaux et atelier Matar\u00f3<\/p>\n","protected":false},"author":1,"featured_media":0,"parent":0,"menu_order":0,"comment_status":"closed","ping_status":"closed","template":"","meta":{"neve_meta_sidebar":"default","neve_meta_container":"","neve_meta_enable_content_width":"on","neve_meta_content_width":100,"neve_meta_title_alignment":"","neve_meta_author_avatar":"","neve_post_elements_order":"","neve_meta_disable_header":"off","neve_meta_disable_footer":"","neve_meta_disable_title":"on","footnotes":""},"class_list":["post-3098","page","type-page","status-publish","hentry"],"yoast_head":"<!-- This site is optimized with the Yoast SEO plugin v27.2 - https:\/\/yoast.com\/product\/yoast-seo-wordpress\/ -->\n<title>Contactez-nous \u00e0 l&#039;adresse suivante -<\/title>\n<meta name=\"robots\" content=\"index, follow, max-snippet:-1, max-image-preview:large, max-video-preview:-1\" \/>\n<link rel=\"canonical\" href=\"https:\/\/acusticum.net\/contactanos\/\" \/>\n<meta property=\"og:locale\" content=\"fr_FR\" \/>\n<meta property=\"og:type\" content=\"article\" \/>\n<meta property=\"og:title\" content=\"Contactez-nous \u00e0 l&#039;adresse suivante -\" \/>\n<meta property=\"og:description\" content=\"Appelez-nous (+34) 650 711 382 Envoyez un courriel \u00e0 eva@acusticum.net Bureaux et atelier Matar\u00f3\" \/>\n<meta property=\"og:url\" content=\"https:\/\/acusticum.net\/contactanos\/\" \/>\n<meta property=\"article:modified_time\" content=\"2025-01-21T15:37:33+00:00\" \/>\n<meta property=\"og:image\" content=\"https:\/\/acusticum.net\/wp-content\/uploads\/2024\/10\/Designer-2.jpeg\" \/>\n<meta name=\"twitter:card\" content=\"summary_large_image\" \/>\n<script type=\"application\/ld+json\" class=\"yoast-schema-graph\">{\"@context\":\"https:\/\/schema.org\",\"@graph\":[{\"@type\":\"WebPage\",\"@id\":\"https:\/\/acusticum.net\/contactanos\/\",\"url\":\"https:\/\/acusticum.net\/contactanos\/\",\"name\":\"Contactez-nous \u00e0 l'adresse suivante -\",\"isPartOf\":{\"@id\":\"https:\/\/acusticum.net\/#website\"},\"primaryImageOfPage\":{\"@id\":\"https:\/\/acusticum.net\/contactanos\/#primaryimage\"},\"image\":{\"@id\":\"https:\/\/acusticum.net\/contactanos\/#primaryimage\"},\"thumbnailUrl\":\"https:\/\/acusticum.net\/wp-content\/uploads\/2024\/10\/Designer-2.jpeg\",\"datePublished\":\"2024-04-18T16:54:46+00:00\",\"dateModified\":\"2025-01-21T15:37:33+00:00\",\"breadcrumb\":{\"@id\":\"https:\/\/acusticum.net\/contactanos\/#breadcrumb\"},\"inLanguage\":\"fr-FR\",\"potentialAction\":[{\"@type\":\"ReadAction\",\"target\":[\"https:\/\/acusticum.net\/contactanos\/\"]}]},{\"@type\":\"ImageObject\",\"inLanguage\":\"fr-FR\",\"@id\":\"https:\/\/acusticum.net\/contactanos\/#primaryimage\",\"url\":\"https:\/\/acusticum.net\/wp-content\/uploads\/2024\/10\/Designer-2.jpeg\",\"contentUrl\":\"https:\/\/acusticum.net\/wp-content\/uploads\/2024\/10\/Designer-2.jpeg\"},{\"@type\":\"BreadcrumbList\",\"@id\":\"https:\/\/acusticum.net\/contactanos\/#breadcrumb\",\"itemListElement\":[{\"@type\":\"ListItem\",\"position\":1,\"name\":\"Portada\",\"item\":\"https:\/\/acusticum.net\/\"},{\"@type\":\"ListItem\",\"position\":2,\"name\":\"Contactez-nous \u00e0 l&#8217;adresse suivante\"}]},{\"@type\":\"WebSite\",\"@id\":\"https:\/\/acusticum.net\/#website\",\"url\":\"https:\/\/acusticum.net\/\",\"name\":\"acusticum.com\",\"description\":\"Dise&ntilde;o que ilumina, ac&uacute;stica que transforma, sostenibilidad que inspira.\",\"publisher\":{\"@id\":\"https:\/\/acusticum.net\/#organization\"},\"potentialAction\":[{\"@type\":\"SearchAction\",\"target\":{\"@type\":\"EntryPoint\",\"urlTemplate\":\"https:\/\/acusticum.net\/?s={search_term_string}\"},\"query-input\":{\"@type\":\"PropertyValueSpecification\",\"valueRequired\":true,\"valueName\":\"search_term_string\"}}],\"inLanguage\":\"fr-FR\"},{\"@type\":\"Organization\",\"@id\":\"https:\/\/acusticum.net\/#organization\",\"name\":\"Acusticum\",\"url\":\"https:\/\/acusticum.net\/\",\"logo\":{\"@type\":\"ImageObject\",\"inLanguage\":\"fr-FR\",\"@id\":\"https:\/\/acusticum.net\/#\/schema\/logo\/image\/\",\"url\":\"https:\/\/acusticum.net\/wp-content\/uploads\/2025\/02\/cropped-A_fab-1.png\",\"contentUrl\":\"https:\/\/acusticum.net\/wp-content\/uploads\/2025\/02\/cropped-A_fab-1.png\",\"width\":512,\"height\":512,\"caption\":\"Acusticum\"},\"image\":{\"@id\":\"https:\/\/acusticum.net\/#\/schema\/logo\/image\/\"}}]}<\/script>\n<!-- \/ Yoast SEO plugin. -->","yoast_head_json":{"title":"Contactez-nous \u00e0 l'adresse suivante -","robots":{"index":"index","follow":"follow","max-snippet":"max-snippet:-1","max-image-preview":"max-image-preview:large","max-video-preview":"max-video-preview:-1"},"canonical":"https:\/\/acusticum.net\/contactanos\/","og_locale":"fr_FR","og_type":"article","og_title":"Contactez-nous \u00e0 l'adresse suivante -","og_description":"Appelez-nous (+34) 650 711 382 Envoyez un courriel \u00e0 eva@acusticum.net Bureaux et atelier Matar\u00f3","og_url":"https:\/\/acusticum.net\/contactanos\/","article_modified_time":"2025-01-21T15:37:33+00:00","og_image":[{"url":"https:\/\/acusticum.net\/wp-content\/uploads\/2024\/10\/Designer-2.jpeg","type":"","width":"","height":""}],"twitter_card":"summary_large_image","schema":{"@context":"https:\/\/schema.org","@graph":[{"@type":"WebPage","@id":"https:\/\/acusticum.net\/contactanos\/","url":"https:\/\/acusticum.net\/contactanos\/","name":"Contactez-nous \u00e0 l'adresse suivante -","isPartOf":{"@id":"https:\/\/acusticum.net\/#website"},"primaryImageOfPage":{"@id":"https:\/\/acusticum.net\/contactanos\/#primaryimage"},"image":{"@id":"https:\/\/acusticum.net\/contactanos\/#primaryimage"},"thumbnailUrl":"https:\/\/acusticum.net\/wp-content\/uploads\/2024\/10\/Designer-2.jpeg","datePublished":"2024-04-18T16:54:46+00:00","dateModified":"2025-01-21T15:37:33+00:00","breadcrumb":{"@id":"https:\/\/acusticum.net\/contactanos\/#breadcrumb"},"inLanguage":"fr-FR","potentialAction":[{"@type":"ReadAction","target":["https:\/\/acusticum.net\/contactanos\/"]}]},{"@type":"ImageObject","inLanguage":"fr-FR","@id":"https:\/\/acusticum.net\/contactanos\/#primaryimage","url":"https:\/\/acusticum.net\/wp-content\/uploads\/2024\/10\/Designer-2.jpeg","contentUrl":"https:\/\/acusticum.net\/wp-content\/uploads\/2024\/10\/Designer-2.jpeg"},{"@type":"BreadcrumbList","@id":"https:\/\/acusticum.net\/contactanos\/#breadcrumb","itemListElement":[{"@type":"ListItem","position":1,"name":"Portada","item":"https:\/\/acusticum.net\/"},{"@type":"ListItem","position":2,"name":"Contactez-nous \u00e0 l&#8217;adresse suivante"}]},{"@type":"WebSite","@id":"https:\/\/acusticum.net\/#website","url":"https:\/\/acusticum.net\/","name":"acusticum.com","description":"Dise&ntilde;o que ilumina, ac&uacute;stica que transforma, sostenibilidad que inspira.","publisher":{"@id":"https:\/\/acusticum.net\/#organization"},"potentialAction":[{"@type":"SearchAction","target":{"@type":"EntryPoint","urlTemplate":"https:\/\/acusticum.net\/?s={search_term_string}"},"query-input":{"@type":"PropertyValueSpecification","valueRequired":true,"valueName":"search_term_string"}}],"inLanguage":"fr-FR"},{"@type":"Organization","@id":"https:\/\/acusticum.net\/#organization","name":"Acusticum","url":"https:\/\/acusticum.net\/","logo":{"@type":"ImageObject","inLanguage":"fr-FR","@id":"https:\/\/acusticum.net\/#\/schema\/logo\/image\/","url":"https:\/\/acusticum.net\/wp-content\/uploads\/2025\/02\/cropped-A_fab-1.png","contentUrl":"https:\/\/acusticum.net\/wp-content\/uploads\/2025\/02\/cropped-A_fab-1.png","width":512,"height":512,"caption":"Acusticum"},"image":{"@id":"https:\/\/acusticum.net\/#\/schema\/logo\/image\/"}}]}},"_links":{"self":[{"href":"https:\/\/acusticum.net\/fr\/wp-json\/wp\/v2\/pages\/3098","targetHints":{"allow":["GET"]}}],"collection":[{"href":"https:\/\/acusticum.net\/fr\/wp-json\/wp\/v2\/pages"}],"about":[{"href":"https:\/\/acusticum.net\/fr\/wp-json\/wp\/v2\/types\/page"}],"author":[{"embeddable":true,"href":"https:\/\/acusticum.net\/fr\/wp-json\/wp\/v2\/users\/1"}],"replies":[{"embeddable":true,"href":"https:\/\/acusticum.net\/fr\/wp-json\/wp\/v2\/comments?post=3098"}],"version-history":[{"count":1,"href":"https:\/\/acusticum.net\/fr\/wp-json\/wp\/v2\/pages\/3098\/revisions"}],"predecessor-version":[{"id":3099,"href":"https:\/\/acusticum.net\/fr\/wp-json\/wp\/v2\/pages\/3098\/revisions\/3099"}],"wp:attachment":[{"href":"https:\/\/acusticum.net\/fr\/wp-json\/wp\/v2\/media?parent=3098"}],"curies":[{"name":"wp","href":"https:\/\/api.w.org\/{rel}","templated":true}]}}