{"id":3035,"date":"2025-01-02T15:44:14","date_gmt":"2025-01-02T15:44:14","guid":{"rendered":"https:\/\/acusticum.net\/aviso-legal\/"},"modified":"2025-01-21T15:36:15","modified_gmt":"2025-01-21T15:36:15","slug":"aviso-legal","status":"publish","type":"page","link":"https:\/\/acusticum.net\/pt-pt\/aviso-legal\/","title":{"rendered":"Aviso legal"},"content":{"rendered":"\n<h2 class=\"wp-block-heading\">Aviso legal<\/h2>\n\n<h3 class=\"wp-block-heading\">1. identifica\u00e7\u00e3o do respons\u00e1vel<\/h3>\n\n<p>Em cumprimento do disposto na Lei 34\/2002, de 11 de julho, de Servi\u00e7os da Sociedade da Informa\u00e7\u00e3o e Com\u00e9rcio Eletr\u00f3nico (LSSI-CE), informamos-te que o titular do s\u00edtio web <strong>da Acusticum<\/strong> \u00e9:<\/p>\n\n<ul class=\"wp-block-list\">\n<li><strong>Nome da empresa<\/strong>:  [Nombre de la empresa]<\/li>\n\n\n\n<li><strong>N\u00daMERO DE IVA<\/strong>:  [CIF de la empresa]<\/li>\n\n\n\n<li><strong>Sede social<\/strong>:  [Direcci\u00f3n completa]<\/li>\n\n\n\n<li><strong>Correio eletr\u00f3nico<\/strong>: <a>info@acusticum.net<\/a><\/li>\n\n\n\n<li><strong>Telefone<\/strong>: 650 71 13 82<\/li>\n<\/ul>\n\n<h3 class=\"wp-block-heading\">2. Objeto<\/h3>\n\n<p>O presente Aviso Legal regula o acesso, a navega\u00e7\u00e3o e a utiliza\u00e7\u00e3o do s\u00edtio Web <strong>da Acusticum<\/strong>. O acesso a este site implica a aceita\u00e7\u00e3o das condi\u00e7\u00f5es estabelecidas no presente documento. <\/p>\n\n<h3 class=\"wp-block-heading\">3. Condi\u00e7\u00f5es de utiliza\u00e7\u00e3o<\/h3>\n\n<p>O utilizador compromete-se a utilizar este s\u00edtio Web em conformidade com a lei e as presentes condi\u00e7\u00f5es. \u00c9 proibido: <\/p>\n\n<ul class=\"wp-block-list\">\n<li>Participar em actividades ilegais ou contr\u00e1rias \u00e0 boa f\u00e9.<\/li>\n\n\n\n<li>Danificar os sistemas f\u00edsicos ou l\u00f3gicos da <strong>Acusticum<\/strong>, dos seus fornecedores ou de terceiros.<\/li>\n<\/ul>\n\n<p><strong>A Acusticum<\/strong> reserva-se o direito de interromper o acesso ao site a qualquer momento e sem aviso pr\u00e9vio por raz\u00f5es de seguran\u00e7a ou manuten\u00e7\u00e3o.<\/p>\n\n<h3 class=\"wp-block-heading\">4. Propriedade intelectual e industrial<\/h3>\n\n<p>Todos os conte\u00fados do s\u00edtio Web (textos, imagens, log\u00f3tipos, c\u00f3digos fonte, etc.) est\u00e3o protegidos por direitos de propriedade intelectual e industrial. O utilizador compromete-se a respeitar estes direitos. <\/p>\n\n<p>\u00c9 proibida a reprodu\u00e7\u00e3o, distribui\u00e7\u00e3o ou modifica\u00e7\u00e3o dos conte\u00fados sem a autoriza\u00e7\u00e3o expressa da <strong>Acusticum<\/strong>.<\/p>\n\n<h3 class=\"wp-block-heading\">5. Responsabilidade<\/h3>\n\n<p><strong>A Acusticum<\/strong> n\u00e3o \u00e9 respons\u00e1vel por:<\/p>\n\n<ul class=\"wp-block-list\">\n<li>Danos derivados da utiliza\u00e7\u00e3o indevida dos conte\u00fados do s\u00edtio Web.<\/li>\n\n\n\n<li>Erros ou omiss\u00f5es nos conte\u00fados.<\/li>\n\n\n\n<li>A disponibilidade t\u00e9cnica do s\u00edtio Web ou das liga\u00e7\u00f5es externas.<\/li>\n<\/ul>\n\n<h3 class=\"wp-block-heading\">6. Lei aplic\u00e1vel e jurisdi\u00e7\u00e3o<\/h3>\n\n<p>O presente Aviso Legal rege-se pela legisla\u00e7\u00e3o espanhola. Para qualquer lit\u00edgio que possa surgir, as partes submetem-se expressamente aos tribunais de Matar\u00f3. <\/p>\n\n<h3 class=\"wp-block-heading\">7. Contacta<\/h3>\n\n<p>Se tiveres alguma d\u00favida sobre este Aviso Legal, podes contactar-nos por correio eletr\u00f3nico para <a>info@acusticum.net<\/a> ou por telefone para 650 71 13 82.<\/p>\n","protected":false},"excerpt":{"rendered":"<p>Aviso legal 1. identifica\u00e7\u00e3o do respons\u00e1vel Em cumprimento do disposto na Lei 34\/2002, de 11 de julho, de Servi\u00e7os da Sociedade da Informa\u00e7\u00e3o e Com\u00e9rcio Eletr\u00f3nico (LSSI-CE), informamos-te que o titular do s\u00edtio web da Acusticum \u00e9: 2. Objeto O presente Aviso Legal regula o acesso, a navega\u00e7\u00e3o e a utiliza\u00e7\u00e3o do s\u00edtio Web da&hellip;&nbsp;<a href=\"https:\/\/acusticum.net\/pt-pt\/aviso-legal\/\" rel=\"bookmark\">Ler mais &raquo;<span class=\"screen-reader-text\">Aviso legal<\/span><\/a><\/p>\n","protected":false},"author":1,"featured_media":0,"parent":0,"menu_order":0,"comment_status":"closed","ping_status":"closed","template":"","meta":{"neve_meta_sidebar":"","neve_meta_container":"","neve_meta_enable_content_width":"off","neve_meta_content_width":70,"neve_meta_title_alignment":"","neve_meta_author_avatar":"","neve_post_elements_order":"","neve_meta_disable_header":"","neve_meta_disable_footer":"","neve_meta_disable_title":"on","footnotes":""},"class_list":["post-3035","page","type-page","status-publish","hentry"],"yoast_head":"<!-- This site is optimized with the Yoast SEO plugin v27.2 - https:\/\/yoast.com\/product\/yoast-seo-wordpress\/ -->\n<title>Aviso legal -<\/title>\n<meta name=\"robots\" content=\"index, follow, max-snippet:-1, max-image-preview:large, max-video-preview:-1\" \/>\n<link rel=\"canonical\" href=\"https:\/\/acusticum.net\/pt-pt\/aviso-legal\/\" \/>\n<meta property=\"og:locale\" content=\"pt_PT\" \/>\n<meta property=\"og:type\" content=\"article\" \/>\n<meta property=\"og:title\" content=\"Aviso legal -\" \/>\n<meta property=\"og:description\" content=\"Aviso legal 1. identifica\u00e7\u00e3o do respons\u00e1vel Em cumprimento do disposto na Lei 34\/2002, de 11 de julho, de Servi\u00e7os da Sociedade da Informa\u00e7\u00e3o e Com\u00e9rcio Eletr\u00f3nico (LSSI-CE), informamos-te que o titular do s\u00edtio web da Acusticum \u00e9: 2. Objeto O presente Aviso Legal regula o acesso, a navega\u00e7\u00e3o e a utiliza\u00e7\u00e3o do s\u00edtio Web da&hellip;&nbsp;Ler mais &raquo;Aviso legal\" \/>\n<meta property=\"og:url\" content=\"https:\/\/acusticum.net\/pt-pt\/aviso-legal\/\" \/>\n<meta property=\"article:modified_time\" content=\"2025-01-21T15:36:15+00:00\" \/>\n<meta name=\"twitter:card\" content=\"summary_large_image\" \/>\n<meta name=\"twitter:label1\" content=\"Tempo estimado de leitura\" \/>\n\t<meta name=\"twitter:data1\" content=\"2 minutos\" \/>\n<script type=\"application\/ld+json\" class=\"yoast-schema-graph\">{\"@context\":\"https:\/\/schema.org\",\"@graph\":[{\"@type\":\"WebPage\",\"@id\":\"https:\/\/acusticum.net\/pt-pt\/aviso-legal\/\",\"url\":\"https:\/\/acusticum.net\/pt-pt\/aviso-legal\/\",\"name\":\"Aviso legal -\",\"isPartOf\":{\"@id\":\"https:\/\/acusticum.net\/#website\"},\"datePublished\":\"2025-01-02T15:44:14+00:00\",\"dateModified\":\"2025-01-21T15:36:15+00:00\",\"breadcrumb\":{\"@id\":\"https:\/\/acusticum.net\/pt-pt\/aviso-legal\/#breadcrumb\"},\"inLanguage\":\"pt-PT\",\"potentialAction\":[{\"@type\":\"ReadAction\",\"target\":[\"https:\/\/acusticum.net\/pt-pt\/aviso-legal\/\"]}]},{\"@type\":\"BreadcrumbList\",\"@id\":\"https:\/\/acusticum.net\/pt-pt\/aviso-legal\/#breadcrumb\",\"itemListElement\":[{\"@type\":\"ListItem\",\"position\":1,\"name\":\"Portada\",\"item\":\"https:\/\/acusticum.net\/\"},{\"@type\":\"ListItem\",\"position\":2,\"name\":\"Aviso legal\"}]},{\"@type\":\"WebSite\",\"@id\":\"https:\/\/acusticum.net\/#website\",\"url\":\"https:\/\/acusticum.net\/\",\"name\":\"acusticum.com\",\"description\":\"Dise&ntilde;o que ilumina, ac&uacute;stica que transforma, sostenibilidad que inspira.\",\"publisher\":{\"@id\":\"https:\/\/acusticum.net\/#organization\"},\"potentialAction\":[{\"@type\":\"SearchAction\",\"target\":{\"@type\":\"EntryPoint\",\"urlTemplate\":\"https:\/\/acusticum.net\/?s={search_term_string}\"},\"query-input\":{\"@type\":\"PropertyValueSpecification\",\"valueRequired\":true,\"valueName\":\"search_term_string\"}}],\"inLanguage\":\"pt-PT\"},{\"@type\":\"Organization\",\"@id\":\"https:\/\/acusticum.net\/#organization\",\"name\":\"Acusticum\",\"url\":\"https:\/\/acusticum.net\/\",\"logo\":{\"@type\":\"ImageObject\",\"inLanguage\":\"pt-PT\",\"@id\":\"https:\/\/acusticum.net\/#\/schema\/logo\/image\/\",\"url\":\"https:\/\/acusticum.net\/wp-content\/uploads\/2025\/02\/cropped-A_fab-1.png\",\"contentUrl\":\"https:\/\/acusticum.net\/wp-content\/uploads\/2025\/02\/cropped-A_fab-1.png\",\"width\":512,\"height\":512,\"caption\":\"Acusticum\"},\"image\":{\"@id\":\"https:\/\/acusticum.net\/#\/schema\/logo\/image\/\"}}]}<\/script>\n<!-- \/ Yoast SEO plugin. -->","yoast_head_json":{"title":"Aviso legal -","robots":{"index":"index","follow":"follow","max-snippet":"max-snippet:-1","max-image-preview":"max-image-preview:large","max-video-preview":"max-video-preview:-1"},"canonical":"https:\/\/acusticum.net\/pt-pt\/aviso-legal\/","og_locale":"pt_PT","og_type":"article","og_title":"Aviso legal -","og_description":"Aviso legal 1. identifica\u00e7\u00e3o do respons\u00e1vel Em cumprimento do disposto na Lei 34\/2002, de 11 de julho, de Servi\u00e7os da Sociedade da Informa\u00e7\u00e3o e Com\u00e9rcio Eletr\u00f3nico (LSSI-CE), informamos-te que o titular do s\u00edtio web da Acusticum \u00e9: 2. Objeto O presente Aviso Legal regula o acesso, a navega\u00e7\u00e3o e a utiliza\u00e7\u00e3o do s\u00edtio Web da&hellip;&nbsp;Ler mais &raquo;Aviso legal","og_url":"https:\/\/acusticum.net\/pt-pt\/aviso-legal\/","article_modified_time":"2025-01-21T15:36:15+00:00","twitter_card":"summary_large_image","twitter_misc":{"Tempo estimado de leitura":"2 minutos"},"schema":{"@context":"https:\/\/schema.org","@graph":[{"@type":"WebPage","@id":"https:\/\/acusticum.net\/pt-pt\/aviso-legal\/","url":"https:\/\/acusticum.net\/pt-pt\/aviso-legal\/","name":"Aviso legal -","isPartOf":{"@id":"https:\/\/acusticum.net\/#website"},"datePublished":"2025-01-02T15:44:14+00:00","dateModified":"2025-01-21T15:36:15+00:00","breadcrumb":{"@id":"https:\/\/acusticum.net\/pt-pt\/aviso-legal\/#breadcrumb"},"inLanguage":"pt-PT","potentialAction":[{"@type":"ReadAction","target":["https:\/\/acusticum.net\/pt-pt\/aviso-legal\/"]}]},{"@type":"BreadcrumbList","@id":"https:\/\/acusticum.net\/pt-pt\/aviso-legal\/#breadcrumb","itemListElement":[{"@type":"ListItem","position":1,"name":"Portada","item":"https:\/\/acusticum.net\/"},{"@type":"ListItem","position":2,"name":"Aviso legal"}]},{"@type":"WebSite","@id":"https:\/\/acusticum.net\/#website","url":"https:\/\/acusticum.net\/","name":"acusticum.com","description":"Dise&ntilde;o que ilumina, ac&uacute;stica que transforma, sostenibilidad que inspira.","publisher":{"@id":"https:\/\/acusticum.net\/#organization"},"potentialAction":[{"@type":"SearchAction","target":{"@type":"EntryPoint","urlTemplate":"https:\/\/acusticum.net\/?s={search_term_string}"},"query-input":{"@type":"PropertyValueSpecification","valueRequired":true,"valueName":"search_term_string"}}],"inLanguage":"pt-PT"},{"@type":"Organization","@id":"https:\/\/acusticum.net\/#organization","name":"Acusticum","url":"https:\/\/acusticum.net\/","logo":{"@type":"ImageObject","inLanguage":"pt-PT","@id":"https:\/\/acusticum.net\/#\/schema\/logo\/image\/","url":"https:\/\/acusticum.net\/wp-content\/uploads\/2025\/02\/cropped-A_fab-1.png","contentUrl":"https:\/\/acusticum.net\/wp-content\/uploads\/2025\/02\/cropped-A_fab-1.png","width":512,"height":512,"caption":"Acusticum"},"image":{"@id":"https:\/\/acusticum.net\/#\/schema\/logo\/image\/"}}]}},"_links":{"self":[{"href":"https:\/\/acusticum.net\/pt-pt\/wp-json\/wp\/v2\/pages\/3035","targetHints":{"allow":["GET"]}}],"collection":[{"href":"https:\/\/acusticum.net\/pt-pt\/wp-json\/wp\/v2\/pages"}],"about":[{"href":"https:\/\/acusticum.net\/pt-pt\/wp-json\/wp\/v2\/types\/page"}],"author":[{"embeddable":true,"href":"https:\/\/acusticum.net\/pt-pt\/wp-json\/wp\/v2\/users\/1"}],"replies":[{"embeddable":true,"href":"https:\/\/acusticum.net\/pt-pt\/wp-json\/wp\/v2\/comments?post=3035"}],"version-history":[{"count":1,"href":"https:\/\/acusticum.net\/pt-pt\/wp-json\/wp\/v2\/pages\/3035\/revisions"}],"predecessor-version":[{"id":3037,"href":"https:\/\/acusticum.net\/pt-pt\/wp-json\/wp\/v2\/pages\/3035\/revisions\/3037"}],"wp:attachment":[{"href":"https:\/\/acusticum.net\/pt-pt\/wp-json\/wp\/v2\/media?parent=3035"}],"curies":[{"name":"wp","href":"https:\/\/api.w.org\/{rel}","templated":true}]}}